{"id":1929,"date":"2017-04-10T09:48:55","date_gmt":"2017-04-10T09:48:55","guid":{"rendered":"http:\/\/artist.romana-brunnauer.eu\/?page_id=1929\/"},"modified":"2023-04-05T09:34:56","modified_gmt":"2023-04-05T09:34:56","slug":"ueber-die-kuenstlerin","status":"publish","type":"page","link":"https:\/\/romana-brunnauer.eu\/de\/kuenstlerin\/ueber-die-kuenstlerin\/","title":{"rendered":"\u00dcber mich"},"content":{"rendered":"<div class='flex_column_table av-cxrg15-4aa1dcb0e9e92865f4cdefa0b96b0731 sc-av_two_third av-equal-height-column-flextable'>\n<style type=\"text\/css\" data-created_by=\"avia_inline_auto\" id=\"style-css-av-cxrg15-4aa1dcb0e9e92865f4cdefa0b96b0731\">\n.flex_column.av-cxrg15-4aa1dcb0e9e92865f4cdefa0b96b0731{\nborder-radius:0px 0px 0px 0px;\npadding:0px 0px 0px 0px;\n}\n<\/style>\n<div  class='flex_column av-cxrg15-4aa1dcb0e9e92865f4cdefa0b96b0731 av_two_third  avia-builder-el-0  el_before_av_one_third  avia-builder-el-first  first flex_column_table_cell av-equal-height-column av-align-top av-zero-column-padding  '     ><p>\n<style type=\"text\/css\" data-created_by=\"avia_inline_auto\" id=\"style-css-av-lg3hql26-262c54e6243fd40ed9ea37f0d8b59db6\">\n.avia-image-container.av-lg3hql26-262c54e6243fd40ed9ea37f0d8b59db6 img.avia_image{\nbox-shadow:none;\n}\n.avia-image-container.av-lg3hql26-262c54e6243fd40ed9ea37f0d8b59db6 .av-image-caption-overlay-center{\ncolor:#ffffff;\n}\n<\/style>\n<div  class='avia-image-container av-lg3hql26-262c54e6243fd40ed9ea37f0d8b59db6 av-styling- avia-align-center  avia-builder-el-1  el_before_av_textblock  avia-builder-el-first '   itemprop=\"image\" itemscope=\"itemscope\" itemtype=\"https:\/\/schema.org\/ImageObject\" ><div class=\"avia-image-container-inner\"><div class=\"avia-image-overlay-wrap\"><img decoding=\"async\" fetchpriority=\"high\" class='wp-image-20488 avia-img-lazy-loading-not-20488 avia_image ' src=\"https:\/\/romana-brunnauer.eu\/wp-content\/uploads\/2023\/04\/romana-brunnauer-artist1.jpg\" alt='' title='romana-brunnauer-artist1'  height=\"683\" width=\"1024\"  itemprop=\"thumbnailUrl\" srcset=\"https:\/\/romana-brunnauer.eu\/wp-content\/uploads\/2023\/04\/romana-brunnauer-artist1.jpg 1024w, https:\/\/romana-brunnauer.eu\/wp-content\/uploads\/2023\/04\/romana-brunnauer-artist1-300x200.jpg 300w, https:\/\/romana-brunnauer.eu\/wp-content\/uploads\/2023\/04\/romana-brunnauer-artist1-768x512.jpg 768w, https:\/\/romana-brunnauer.eu\/wp-content\/uploads\/2023\/04\/romana-brunnauer-artist1-705x470.jpg 705w\" sizes=\"(max-width: 1024px) 100vw, 1024px\" \/><\/div><\/div><\/div><br \/>\n<section  class='av_textblock_section av-lg3hpull-0e96eb1875aa21d241ffee7f4b445be7 '   itemscope=\"itemscope\" itemtype=\"https:\/\/schema.org\/CreativeWork\" ><div class='avia_textblock'  itemprop=\"text\" ><p>Foto: Robert B\u00fchler<\/p>\n<\/div><\/section><\/p><\/div><div class='av-flex-placeholder'><\/div>\n<style type=\"text\/css\" data-created_by=\"avia_inline_auto\" id=\"style-css-av-87v6uh-8674b1525a44ccd8820ef258cc8e4d42\">\n.flex_column.av-87v6uh-8674b1525a44ccd8820ef258cc8e4d42{\nborder-radius:0px 0px 0px 0px;\npadding:0px 0px 0px 0px;\n}\n<\/style>\n<div  class='flex_column av-87v6uh-8674b1525a44ccd8820ef258cc8e4d42 av_one_third  avia-builder-el-3  el_after_av_two_third  el_before_av_one_third  flex_column_table_cell av-equal-height-column av-align-top av-zero-column-padding  '     ><p>\n<style type=\"text\/css\" data-created_by=\"avia_inline_auto\" id=\"style-css-av-5mrf9l-d45837e2d0d02d09a95a25830c7656bd\">\n#top .hr.hr-invisible.av-5mrf9l-d45837e2d0d02d09a95a25830c7656bd{\nheight:1px;\n}\n<\/style>\n<div  class='hr av-5mrf9l-d45837e2d0d02d09a95a25830c7656bd hr-invisible  avia-builder-el-4  el_before_av_textblock  avia-builder-el-first '><span class='hr-inner '><span class=\"hr-inner-style\"><\/span><\/span><\/div><br \/>\n<section  class='av_textblock_section av-4u547t-e5986837b6a71f80d14da555571bf78c '   itemscope=\"itemscope\" itemtype=\"https:\/\/schema.org\/CreativeWork\" ><div class='avia_textblock'  itemprop=\"text\" ><h1>Die K\u00fcnstlerin<\/h1>\n<p>Die geb\u00fcrtige Salzburgerin Romana G. Brunnauer, studierte, lebte und arbeitete in M\u00fcnchen. Nach dem Studium startete sie als Autorin und Kreativ-Direktorin f\u00fcr konventionelle und neue Medien. Sie wurde mit namhaften Preisen und Auszeichnungen geehrt.<\/p>\n<p>2005 siedelte sie nach Lanzarote (kanarische Inseln, Spanien). Seit 2006 widmet sie sich ausschlie\u00dflich der visuellen Kunst. Ihre Arbeiten sind international in Ausstellungen vertreten sowie in privaten und \u00f6ffentlichen Sammlungen.<\/p>\n<h5><strong>Artist Statement<\/strong><b><\/b><\/h5>\n<p>&#8222;Meine Malerei ist inspiriert von dem, was uns bewegt, was uns motiviert, wovor wir uns f\u00fcrchten und was wir lieben. Sie erforscht die inneren Beweggr\u00fcnde des \u00e4u\u00dferen Tuns. Ich gehe dabei nicht wissenschaftlich, sondern intuitiv vor und lege das Augenmerk auf zugrunde liegende Energien. In meinem malerischen Prozess stelle ich mich diesen Energien und dr\u00fccke sie k\u00fcnstlerisch aus. Bis 2017 arbeitete ich rein abstrakt mit minimal eingesetzten figurativen Elementen. Seitdem r\u00fcckt das Figuartive immer mehr in den Vordergrund.<\/p>\n<p>Mit Beginn der weltweiten Krisen (Corona und sp\u00e4ter der Krieg in der Ukraine) greift meine k\u00fcnstlerische Arbeit auch gesellschaftliche und (welt)politische Themen auf.<\/p>\n<p>Im Zentrum meiner neueren Arbeiten stehen Portraits und \u201eGeschichten\u201c fiktiver Personen. Sie sind verwoben mit einem oftmals nicht n\u00e4her definierten, manchmal auch semi-abstrakt gehaltenen Aktionsraum, der das jeweilige Thema in seine gesellschaftliche und pers\u00f6nlichen Tragweite einbettet.<\/p>\n<p>Mein bevorzugtes Material ist Acrylfarbe auf Leinwand.&#8220;<\/p>\n<p>Romana G. Brunnauer, April 2023<\/p>\n<p><span class=\"details\">\u00a0<\/span><\/p>\n<\/div><\/section><\/p><\/div><\/div><!--close column table wrapper. Autoclose: 1 --><\/p>\n\n<style type=\"text\/css\" data-created_by=\"avia_inline_auto\" id=\"style-css-av-9q1sp-b501d7911eb22f6199e9a6770211b6ba\">\n.flex_column.av-9q1sp-b501d7911eb22f6199e9a6770211b6ba{\nborder-radius:0px 0px 0px 0px;\npadding:0px 0px 0px 0px;\n}\n<\/style>\n<div  class='flex_column av-9q1sp-b501d7911eb22f6199e9a6770211b6ba av_one_third  avia-builder-el-6  el_after_av_one_third  avia-builder-el-last  first flex_column_div av-zero-column-padding  column-top-margin'     ><\/div>\n","protected":false},"excerpt":{"rendered":"","protected":false},"author":1,"featured_media":0,"parent":2123,"menu_order":1,"comment_status":"closed","ping_status":"closed","template":"","meta":{"footnotes":""},"class_list":["post-1929","page","type-page","status-publish","hentry"],"_links":{"self":[{"href":"https:\/\/romana-brunnauer.eu\/de\/wp-json\/wp\/v2\/pages\/1929","targetHints":{"allow":["GET"]}}],"collection":[{"href":"https:\/\/romana-brunnauer.eu\/de\/wp-json\/wp\/v2\/pages"}],"about":[{"href":"https:\/\/romana-brunnauer.eu\/de\/wp-json\/wp\/v2\/types\/page"}],"author":[{"embeddable":true,"href":"https:\/\/romana-brunnauer.eu\/de\/wp-json\/wp\/v2\/users\/1"}],"replies":[{"embeddable":true,"href":"https:\/\/romana-brunnauer.eu\/de\/wp-json\/wp\/v2\/comments?post=1929"}],"version-history":[{"count":18,"href":"https:\/\/romana-brunnauer.eu\/de\/wp-json\/wp\/v2\/pages\/1929\/revisions"}],"predecessor-version":[{"id":20495,"href":"https:\/\/romana-brunnauer.eu\/de\/wp-json\/wp\/v2\/pages\/1929\/revisions\/20495"}],"up":[{"embeddable":true,"href":"https:\/\/romana-brunnauer.eu\/de\/wp-json\/wp\/v2\/pages\/2123"}],"wp:attachment":[{"href":"https:\/\/romana-brunnauer.eu\/de\/wp-json\/wp\/v2\/media?parent=1929"}],"curies":[{"name":"wp","href":"https:\/\/api.w.org\/{rel}","templated":true}]}}