{"id":1999,"date":"2017-06-23T10:19:54","date_gmt":"2017-06-23T10:19:54","guid":{"rendered":"http:\/\/artist.romana-brunnauer.eu\/?page_id=1999\/"},"modified":"2020-09-29T15:43:32","modified_gmt":"2020-09-29T15:43:32","slug":"anhelo2","status":"publish","type":"page","link":"https:\/\/romana-brunnauer.eu\/de\/kunst\/abstrakte-arbeiten\/anhelo2\/","title":{"rendered":"2016-2017"},"content":{"rendered":"\n<style type=\"text\/css\" data-created_by=\"avia_inline_auto\" id=\"style-css-av-av_two_third-6126cab7d8fab8d08143dd2dacdf673c\">\n.flex_column.av-av_two_third-6126cab7d8fab8d08143dd2dacdf673c{\nborder-radius:0px 0px 0px 0px;\npadding:0px 0px 0px 0px;\n}\n<\/style>\n<div  class='flex_column av-av_two_third-6126cab7d8fab8d08143dd2dacdf673c av_two_third  avia-builder-el-0  el_before_av_one_third  avia-builder-el-first  first flex_column_div av-zero-column-padding  '     ><div  id=\"av-sc-portfolio-1\"  class=\"av-portfolio-grid-sorting-container\"><div class='sort_width_container  av-sort-yes' data-portfolio-id='1' ><div id='js_sort_items' ><div class='sort_by_cat hidden'><a href=\"#\" data-filter=\"all_sort\" class=\"all_sort_button active_sort\"><span class=\"inner_sort_button\"><span>Alle<\/span><small class=\"av-cat-count\"> 3 <\/small><\/span><\/a><span class=\"text-sep recent-project-de_sort_sep\">\/<\/span><a href=\"#\" data-filter=\"recent-project-de_sort\" class=\"recent-project-de_sort_button\" ><span class=\"inner_sort_button\"><span>Recent Project<\/span><small class=\"av-cat-count\"> 3 <\/small><\/span><\/a><\/div><\/div><\/div><div  class=' grid-sort-container isotope   no_margin-container with-title-container grid-total-odd grid-col-2 grid-links-' data-portfolio-id='1'><div data-ajax-id='2199' class=' grid-entry flex_column isotope-item all_sort no_margin post-entry post-entry-2199 grid-entry-overview grid-loop-1 grid-parity-odd  paraiso-de_sort recent-project-de_sort  av_one_half first default_av_fullwidth '><article class='main_color inner-entry'  itemscope=\"itemscope\" itemtype=\"https:\/\/schema.org\/CreativeWork\" ><a href=\"https:\/\/romana-brunnauer.eu\/de\/portfolio-item\/examples-el-paraiso-paradise\/\" title='Beispiele \u201cEl Para\u00edso\u201d (Paradies)'  data-rel='grid-1' class='grid-image avia-hover-fx'> <img decoding=\"async\" fetchpriority=\"high\" width=\"495\" height=\"400\" src=\"https:\/\/romana-brunnauer.eu\/wp-content\/uploads\/2017\/04\/anhelo_2_059_L_112x113-495x400.jpg\" class=\"wp-image-173 avia-img-lazy-loading-not-173 attachment-portfolio size-portfolio wp-post-image\" alt=\"\" srcset=\"https:\/\/romana-brunnauer.eu\/wp-content\/uploads\/2017\/04\/anhelo_2_059_L_112x113-495x400.jpg 495w, https:\/\/romana-brunnauer.eu\/wp-content\/uploads\/2017\/04\/anhelo_2_059_L_112x113-845x684.jpg 845w\" sizes=\"(max-width: 495px) 100vw, 495px\" \/><\/a><div class='grid-content'><div class='avia-arrow'><\/div><header class=\"entry-content-header\" aria-label=\"Portfolio: Beispiele \u201cEl Para\u00edso\u201d (Paradies)\"><h3 class='grid-entry-title entry-title '  itemprop=\"headline\" ><a href='https:\/\/romana-brunnauer.eu\/de\/portfolio-item\/examples-el-paraiso-paradise\/' title='Beispiele \u201cEl Para\u00edso\u201d (Paradies)'>Beispiele \u201cEl Para\u00edso\u201d (Paradies)<\/a><\/h3><\/header><\/div><footer class=\"entry-footer\"><\/footer><\/article><\/div><div data-ajax-id='2196' class=' grid-entry flex_column isotope-item all_sort no_margin post-entry post-entry-2196 grid-entry-overview grid-loop-2 grid-parity-even  fuga-de_sort recent-project-de_sort  av_one_half  default_av_fullwidth '><article class='main_color inner-entry'  itemscope=\"itemscope\" itemtype=\"https:\/\/schema.org\/CreativeWork\" ><a href=\"https:\/\/romana-brunnauer.eu\/de\/portfolio-item\/examples-la-fuga-escape\/\" title='Beispiele &#8222;La Fuga&#8220; (Flucht)'  data-rel='grid-1' class='grid-image avia-hover-fx'> <img decoding=\"async\" fetchpriority=\"high\" width=\"495\" height=\"400\" src=\"https:\/\/romana-brunnauer.eu\/wp-content\/uploads\/2017\/04\/anhelo_2_065_L98x111-495x400.jpg\" class=\"wp-image-200 avia-img-lazy-loading-not-200 attachment-portfolio size-portfolio wp-post-image\" alt=\"\" srcset=\"https:\/\/romana-brunnauer.eu\/wp-content\/uploads\/2017\/04\/anhelo_2_065_L98x111-495x400.jpg 495w, https:\/\/romana-brunnauer.eu\/wp-content\/uploads\/2017\/04\/anhelo_2_065_L98x111-845x684.jpg 845w\" sizes=\"(max-width: 495px) 100vw, 495px\" \/><\/a><div class='grid-content'><div class='avia-arrow'><\/div><header class=\"entry-content-header\" aria-label=\"Portfolio: Beispiele &#8222;La Fuga&#8220; (Flucht)\"><h3 class='grid-entry-title entry-title '  itemprop=\"headline\" ><a href='https:\/\/romana-brunnauer.eu\/de\/portfolio-item\/examples-la-fuga-escape\/' title='Beispiele &#8222;La Fuga&#8220; (Flucht)'>Beispiele &#8222;La Fuga&#8220; (Flucht)<\/a><\/h3><\/header><\/div><footer class=\"entry-footer\"><\/footer><\/article><\/div><div data-ajax-id='2193' class=' grid-entry flex_column isotope-item all_sort no_margin post-entry post-entry-2193 grid-entry-overview grid-loop-3 grid-parity-odd  post-entry-last  realidad-de_sort recent-project-de_sort  av_one_half first default_av_fullwidth '><article class='main_color inner-entry'  itemscope=\"itemscope\" itemtype=\"https:\/\/schema.org\/CreativeWork\" ><a href=\"https:\/\/romana-brunnauer.eu\/de\/portfolio-item\/examples-la-realidad-reality\/\" title='Beispiele &#8222;La Realidad&#8220; (Realit\u00e4t)'  data-rel='grid-1' class='grid-image avia-hover-fx'> <img decoding=\"async\" fetchpriority=\"high\" width=\"495\" height=\"400\" src=\"https:\/\/romana-brunnauer.eu\/wp-content\/uploads\/2017\/04\/anhelo_2_053_L_111x113-1-495x400.jpg\" class=\"wp-image-185 avia-img-lazy-loading-not-185 attachment-portfolio size-portfolio wp-post-image\" alt=\"\" srcset=\"https:\/\/romana-brunnauer.eu\/wp-content\/uploads\/2017\/04\/anhelo_2_053_L_111x113-1-495x400.jpg 495w, https:\/\/romana-brunnauer.eu\/wp-content\/uploads\/2017\/04\/anhelo_2_053_L_111x113-1-845x684.jpg 845w\" sizes=\"(max-width: 495px) 100vw, 495px\" \/><\/a><div class='grid-content'><div class='avia-arrow'><\/div><header class=\"entry-content-header\" aria-label=\"Portfolio: Beispiele &#8222;La Realidad&#8220; (Realit\u00e4t)\"><h3 class='grid-entry-title entry-title '  itemprop=\"headline\" ><a href='https:\/\/romana-brunnauer.eu\/de\/portfolio-item\/examples-la-realidad-reality\/' title='Beispiele &#8222;La Realidad&#8220; (Realit\u00e4t)'>Beispiele &#8222;La Realidad&#8220; (Realit\u00e4t)<\/a><\/h3><\/header><\/div><footer class=\"entry-footer\"><\/footer><\/article><\/div><\/div><\/div>   <!--   class=\"av-portfolio-grid-sorting-container\"  --><\/div>\n\n<style type=\"text\/css\" data-created_by=\"avia_inline_auto\" id=\"style-css-av-av_one_third-0aa7055fe62c3622faec82866afbaeb2\">\n.flex_column.av-av_one_third-0aa7055fe62c3622faec82866afbaeb2{\nborder-radius:0px 0px 0px 0px;\npadding:0px 0px 0px 0px;\n}\n<\/style>\n<div  class='flex_column av-av_one_third-0aa7055fe62c3622faec82866afbaeb2 av_one_third  avia-builder-el-2  el_after_av_two_third  avia-builder-el-last  flex_column_div av-zero-column-padding  '     ><p>\n<style type=\"text\/css\" data-created_by=\"avia_inline_auto\" id=\"style-css-av-av_hr-099b9bc89921e61aa630133bfa772bb2\">\n#top .hr.hr-invisible.av-av_hr-099b9bc89921e61aa630133bfa772bb2{\nheight:24px;\n}\n<\/style>\n<div  class='hr av-av_hr-099b9bc89921e61aa630133bfa772bb2 hr-invisible  avia-builder-el-3  el_before_av_textblock  avia-builder-el-first '><span class='hr-inner '><span class=\"hr-inner-style\"><\/span><\/span><\/div><br \/>\n<section  class='av_textblock_section av-jsxev93p-a00cbde24023628efd750bbb180e677f '   itemscope=\"itemscope\" itemtype=\"https:\/\/schema.org\/CreativeWork\" ><div class='avia_textblock'  itemprop=\"text\" ><h3 class=\"western\" data-fontsize=\"22\" data-lineheight=\"42\">ANHELO (Sehnsucht) Teil 2<\/h3>\n<p><span lang=\"de-DE\">Seit September 2016 arbeite ich am zweiten Teil meines Projektes<\/span> ANHELO (dt. = Sehnsucht). <span lang=\"de-DE\">In <\/span><span lang=\"de-DE\">diesem<\/span><span lang=\"de-DE\"> neuen Zyklus <\/span><span lang=\"de-DE\">befasse ich mich mit dem, was der <\/span><span lang=\"de-DE\"><i>Begriff<\/i><\/span><span lang=\"de-DE\"> Sehnsucht bedeuten kann. Es interessieren mich vor allem drei Aspekte: Die Flucht (vor der Realit\u00e4t) und, als Folge davon, die Sehnsucht nach einem unerreichbaren Paradies oder die Glorifizierung der Realit\u00e4t. <\/span><\/p>\n<p>Die k\u00fcnstlerische Auseinandersetzung mit dem Begriff Sehnsucht ist damit aber noch nicht abgeschlossen. Es gibt noch weitere Facetten, die ich bearbeiten m\u00f6chte.<\/p>\n<p>Um Ihnen einen ersten Eindruck meiner malerischen Umsetzung dieses Themas zu geben, zeige ich ein paar Beispiele \u2026<\/p>\n<\/div><\/section><br \/>\n<div  class='togglecontainer av-av_toggle_container-8e0c6e39d39b619a829887bd54fff3ed  avia-builder-el-5  el_after_av_textblock  avia-builder-el-last  toggle_close_all' >\n<section class='av_toggle_section av-av_toggle-dcd7e31943753a3ee49235c454d5ddf7'  itemscope=\"itemscope\" itemtype=\"https:\/\/schema.org\/CreativeWork\" ><div role=\"tablist\" class=\"single_toggle\" data-tags=\"{Alle} \"  ><p id='toggle-toggle-id-1' data-fake-id='#toggle-id-1' class='toggler  av-title-above '  itemprop=\"headline\"  role='tab' tabindex='0' aria-controls='toggle-id-1' data-slide-speed=\"200\" data-title=\"Projektbeschreibung ANHELO \" data-title-open=\"\" data-aria_collapsed=\"Click to expand: Projektbeschreibung ANHELO \" data-aria_expanded=\"Click to collapse: Projektbeschreibung ANHELO \">Projektbeschreibung ANHELO <span class=\"toggle_icon\"><span class=\"vert_icon\"><\/span><span class=\"hor_icon\"><\/span><\/span><\/p><div id='toggle-id-1' aria-labelledby='toggle-toggle-id-1' role='region' class='toggle_wrap  av-title-above'  ><div class='toggle_content invers-color '  itemprop=\"text\" ><p>In ihrem Gem\u00e4ldezyklus<em> inexpresado#ANHELO<\/em> (ungesagt#SEHNSUCHT ) l\u00e4sst sich die K\u00fcnstlerin Romana G. Brunnauer von Menschen inspirieren, denen sie in sozialen Netzwerken begegnet. Es interessiert sie vor allem das, was nicht gesagt wird.<\/p>\n<p>Ihre These:<br \/>\nHinter privaten Mitteilungen steht h\u00e4ufig eine unausgesprochene Sehnsucht. Manche tr\u00e4umen von einem paradiesischen Ort, einige sehnen sich nach einer vergangenen oder zuk\u00fcnftigen Zeit, und viele sehen in einer idealisierten Liebe die Erf\u00fcllung ihres Lebens. Allen gemeinsam ist, dass das Objekt ihrer Sehnsucht in schillernde Farben getaucht wird und letztlich unerreichbar bleibt. Angesichts dessen verblasst die profane Wirklichkeit und erscheint Grau in Grau.<\/p>\n<p>In der k\u00fcnstlerischen Auseinandersetzung mit dieser These entstand ein neues Farbkonzept. Dieses lebt von der Reduktion auf die Grundfarben, wie sie von Home Office Druckern verwendet werden: Prim\u00e4r Blau, Prim\u00e4r Gelb, Magenta sowie Schwarz und Wei\u00df. Die Farben entsprechen den Objekten des Begriffes &#8222;Sehnsucht&#8220;: fernes Paradies, Vergangenheit oder Zukunft und idealisierte Liebe. Schwarz und Wei\u00df als Grauskala weisen auf die Gegenwart.<\/p>\n<p>Die K\u00fcnstlerin malt ausschlie\u00dflich mit diesen Farben und setzt sie als Schichten. Deren \u00dcberlappung ergibt eine neue Farbenvielfalt. Kontrapunktisch dazu stellt sie Arbeiten vor, die sich nur auf das Schwarz\/Wei\u00df dessen reduzieren, was als graue Gegenwart erlebt wird.<\/p>\n<p>Mit den aktuellen Arbeiten ist das Projekt [&#8230;]#SEHNSUCHT noch nicht abgeschlossen. Die K\u00fcnstlerin arbeitet an weiteren inhaltlichen Facetten und deren visueller Umsetzung.<\/p>\n<\/div><\/div><\/div><\/section>\n<\/div><\/p><\/div>\n","protected":false},"excerpt":{"rendered":"","protected":false},"author":1,"featured_media":0,"parent":1979,"menu_order":3,"comment_status":"closed","ping_status":"closed","template":"","meta":{"footnotes":""},"class_list":["post-1999","page","type-page","status-publish","hentry"],"_links":{"self":[{"href":"https:\/\/romana-brunnauer.eu\/de\/wp-json\/wp\/v2\/pages\/1999","targetHints":{"allow":["GET"]}}],"collection":[{"href":"https:\/\/romana-brunnauer.eu\/de\/wp-json\/wp\/v2\/pages"}],"about":[{"href":"https:\/\/romana-brunnauer.eu\/de\/wp-json\/wp\/v2\/types\/page"}],"author":[{"embeddable":true,"href":"https:\/\/romana-brunnauer.eu\/de\/wp-json\/wp\/v2\/users\/1"}],"replies":[{"embeddable":true,"href":"https:\/\/romana-brunnauer.eu\/de\/wp-json\/wp\/v2\/comments?post=1999"}],"version-history":[{"count":7,"href":"https:\/\/romana-brunnauer.eu\/de\/wp-json\/wp\/v2\/pages\/1999\/revisions"}],"predecessor-version":[{"id":5939,"href":"https:\/\/romana-brunnauer.eu\/de\/wp-json\/wp\/v2\/pages\/1999\/revisions\/5939"}],"up":[{"embeddable":true,"href":"https:\/\/romana-brunnauer.eu\/de\/wp-json\/wp\/v2\/pages\/1979"}],"wp:attachment":[{"href":"https:\/\/romana-brunnauer.eu\/de\/wp-json\/wp\/v2\/media?parent=1999"}],"curies":[{"name":"wp","href":"https:\/\/api.w.org\/{rel}","templated":true}]}}