{"id":20959,"date":"2024-10-07T18:47:13","date_gmt":"2024-10-07T18:47:13","guid":{"rendered":"https:\/\/romana-brunnauer.eu\/kunst\/figurative-arbeiten\/new-reality-3-0\/"},"modified":"2024-10-12T18:31:08","modified_gmt":"2024-10-12T18:31:08","slug":"new-reality-3-0","status":"publish","type":"page","link":"https:\/\/romana-brunnauer.eu\/de\/kunst\/figurative-arbeiten\/new-reality-3-0\/","title":{"rendered":"New Reality 3.0"},"content":{"rendered":"<div  class='flex_column av-15xxv8y-f29135e37e656556da8dae362f547c11 av_two_third  avia-builder-el-0  el_before_av_one_third  avia-builder-el-first  first flex_column_div  '     ><style type=\"text\/css\" data-created_by=\"avia_inline_auto\" id=\"style-css-sub-av-m1xta0cv-e83ab8abb71141b6678157df21896cca\">\n.avia-timeline-container .av-milestone.av-m1xt90u8-8044d3e143e0086a917a195c25f24349 .av-milestone-icon-inner{\nbackground-image:url(https:\/\/romana-brunnauer.eu\/wp-content\/uploads\/2023\/01\/Himmel-Mitte-75dpi-183x300.jpg);\n}\n.avia-timeline-container .av-milestone.av-13tbdoy-9706aa95c848be82544377b579d43b51 .av-milestone-icon-inner{\nbackground-image:url(https:\/\/romana-brunnauer.eu\/wp-content\/uploads\/2023\/01\/kainabel-95x125cm-300x225.jpg);\n}\n.avia-timeline-container .av-milestone.av-r7iseq-195740070f37983ab428d152f2f954d0 .av-milestone-icon-inner{\nbackground-image:url(https:\/\/romana-brunnauer.eu\/wp-content\/uploads\/2024\/10\/Good-Morning-1500-300x210.jpg);\n}\n<\/style>\n<div  id=\"avia-timeline-1\"  class='avia-timeline-container av-m1xta0cv-e83ab8abb71141b6678157df21896cca av-slideshow-ui  avia-builder-el-1  avia-builder-el-no-sibling ' ><ul class='avia-timeline avia-timeline-vertical av-milestone-placement-left avia-timeline- avia_animate_when_almost_visible avia-timeline-animate'>\n<li  class='av-milestone av-m1xt90u8-8044d3e143e0086a917a195c25f24349 av-animated-generic fade-in av-milestone-valign-baseline av-milestone-odd'><h2 class='av-milestone-date ' id='milestone-januar-2020' ><a href='https:\/\/romana-brunnauer.eu\/de\/kunst\/figurative-arbeiten\/2020-pandemie\/'  title=\"Pandemie\" aria-label=\"Pandemie\">Januar 2020<span class='av-milestone-indicator'><\/span><\/a><\/h2><a class='av-milestone-icon-wrap' href='https:\/\/romana-brunnauer.eu\/de\/kunst\/figurative-arbeiten\/2020-pandemie\/'  title=\"Pandemie\" aria-label=\"Pandemie\"><span class='av-milestone-icon milestone_icon milestone-icon-hasborder'><span class='av-milestone-icon-inner milestone_inner'>&nbsp;<\/span><\/span><\/a><article class='av-milestone-content-wrap'><div class='av-milestone-contentbox'><header class=\"entry-content-header\" aria-label=\"Milestone: Pandemie\"><h4 class='av-milestone-title '><a href='https:\/\/romana-brunnauer.eu\/de\/kunst\/figurative-arbeiten\/2020-pandemie\/'  title=\"Pandemie\" aria-label=\"Pandemie\">Pandemie<\/a><\/h4><\/header><div class='av-milestone-content'><\/div><\/div><footer class='av-milestone-article-footer entry-footer'><\/footer><\/article><\/li>\n<li  class='av-milestone av-13tbdoy-9706aa95c848be82544377b579d43b51 av-animated-generic fade-in av-milestone-valign-baseline av-milestone-even'><h2 class='av-milestone-date ' id='milestone-februar-2022' ><a href='https:\/\/romana-brunnauer.eu\/de\/kunst\/figurative-arbeiten\/krieg-in-europa\/'  title=\"Krieg in Europa\" aria-label=\"Krieg in Europa\">Februar 2022<span class='av-milestone-indicator'><\/span><\/a><\/h2><a class='av-milestone-icon-wrap' href='https:\/\/romana-brunnauer.eu\/de\/kunst\/figurative-arbeiten\/krieg-in-europa\/'  title=\"Krieg in Europa\" aria-label=\"Krieg in Europa\"><span class='av-milestone-icon milestone_icon milestone-icon-hasborder'><span class='av-milestone-icon-inner milestone_inner'>&nbsp;<\/span><\/span><\/a><article class='av-milestone-content-wrap'><div class='av-milestone-contentbox'><header class=\"entry-content-header\" aria-label=\"Milestone: Krieg in Europa\"><h4 class='av-milestone-title '><a href='https:\/\/romana-brunnauer.eu\/de\/kunst\/figurative-arbeiten\/krieg-in-europa\/'  title=\"Krieg in Europa\" aria-label=\"Krieg in Europa\">Krieg in Europa<\/a><\/h4><\/header><div class='av-milestone-content'><\/div><\/div><footer class='av-milestone-article-footer entry-footer'><\/footer><\/article><\/li>\n<li  class='av-milestone av-r7iseq-195740070f37983ab428d152f2f954d0 av-animated-generic fade-in av-milestone-valign-baseline av-milestone-odd'><h2 class='av-milestone-date ' id='milestone-oktober-2023' ><a href='https:\/\/romana-brunnauer.eu\/de\/kunst\/figurative-arbeiten\/krieg-im-mittleren-osten\/'  title=\"Krieg im Mittleren Osten\" aria-label=\"Krieg im Mittleren Osten\">Oktober 2023<span class='av-milestone-indicator'><\/span><\/a><\/h2><a class='av-milestone-icon-wrap' href='https:\/\/romana-brunnauer.eu\/de\/kunst\/figurative-arbeiten\/krieg-im-mittleren-osten\/'  title=\"Krieg im Mittleren Osten\" aria-label=\"Krieg im Mittleren Osten\"><span class='av-milestone-icon milestone_icon milestone-icon-hasborder'><span class='av-milestone-icon-inner milestone_inner'>&nbsp;<\/span><\/span><\/a><article class='av-milestone-content-wrap'><div class='av-milestone-contentbox'><header class=\"entry-content-header\" aria-label=\"Milestone: Krieg im Mittleren Osten\"><h4 class='av-milestone-title '><a href='https:\/\/romana-brunnauer.eu\/de\/kunst\/figurative-arbeiten\/krieg-im-mittleren-osten\/'  title=\"Krieg im Mittleren Osten\" aria-label=\"Krieg im Mittleren Osten\">Krieg im Mittleren Osten<\/a><\/h4><\/header><div class='av-milestone-content'><\/div><\/div><footer class='av-milestone-article-footer entry-footer'><\/footer><\/article><\/li>\n<\/ul><\/div><\/div><div  class='flex_column av-mws8aa-c33a8ed77e42dee376d7ab480ed89578 av_one_third  avia-builder-el-2  el_after_av_two_third  avia-builder-el-last  flex_column_div  '     ><section  class='av_textblock_section av-m1xswrl9-9ecf38a4de861e4b806f55bc3eb3029d '   itemscope=\"itemscope\" itemtype=\"https:\/\/schema.org\/CreativeWork\" ><div class='avia_textblock'  itemprop=\"text\" ><p style=\"text-align: left;\" align=\"center\"><span style=\"font-family: Liberation Sans, sans-serif;\"><span style=\"font-size: xx-large;\"><b>New Reality 3.0<br \/>\n<\/b><\/span><\/span><\/p>\n<p>Schon lange vor der Pandemie kursierte der Begriff \u201eNew Reality\u201c, mit dem unterschiedliche gesellschaftliche oder politische Entwicklungstendenzen zusammen gefasst wurden. Auf theoretischer Ebene warnte man vor m\u00f6glichen Gefahren. Manche prophezeiten gar den Weltuntergang.<\/p>\n<p>Heute (Oktober 2024) haben Pandemie, zwei Kriege und der immer deutlich werdendere Klimawandel eine Welt geschaffen, die man sich vor ein paar Jahren noch nicht vorstellen konnte.<\/p>\n<p>In meiner k\u00fcnstlerischen Auseinandersetzung bearbeite ich die Themen dieser \u201eNeuen Realit\u00e4t\u201c und frage mich, was sie mit den direkt Betroffen und in der Folge mit uns allen macht.<\/p>\n<p>Meine Gem\u00e4lde erz\u00e4hlen Geschichten. Daf\u00fcr bediene ich mich teilweise einer Formensprache, die entfernt an Comic erinnert.<\/p>\n<p>Ich arbeite mit Acryl auf Leinwand. Seit August 2023 setze ich in kleinen Bildausschnitten das Mittel der Collage (Transfertechnik) ein, dies allerdings nur bei Gem\u00e4lden zum Thema Krieg.<\/p>\n<\/div><\/section><\/div><\/p>\n","protected":false},"excerpt":{"rendered":"","protected":false},"author":1,"featured_media":0,"parent":3721,"menu_order":3,"comment_status":"closed","ping_status":"closed","template":"","meta":{"footnotes":""},"class_list":["post-20959","page","type-page","status-publish","hentry"],"_links":{"self":[{"href":"https:\/\/romana-brunnauer.eu\/de\/wp-json\/wp\/v2\/pages\/20959","targetHints":{"allow":["GET"]}}],"collection":[{"href":"https:\/\/romana-brunnauer.eu\/de\/wp-json\/wp\/v2\/pages"}],"about":[{"href":"https:\/\/romana-brunnauer.eu\/de\/wp-json\/wp\/v2\/types\/page"}],"author":[{"embeddable":true,"href":"https:\/\/romana-brunnauer.eu\/de\/wp-json\/wp\/v2\/users\/1"}],"replies":[{"embeddable":true,"href":"https:\/\/romana-brunnauer.eu\/de\/wp-json\/wp\/v2\/comments?post=20959"}],"version-history":[{"count":21,"href":"https:\/\/romana-brunnauer.eu\/de\/wp-json\/wp\/v2\/pages\/20959\/revisions"}],"predecessor-version":[{"id":21134,"href":"https:\/\/romana-brunnauer.eu\/de\/wp-json\/wp\/v2\/pages\/20959\/revisions\/21134"}],"up":[{"embeddable":true,"href":"https:\/\/romana-brunnauer.eu\/de\/wp-json\/wp\/v2\/pages\/3721"}],"wp:attachment":[{"href":"https:\/\/romana-brunnauer.eu\/de\/wp-json\/wp\/v2\/media?parent=20959"}],"curies":[{"name":"wp","href":"https:\/\/api.w.org\/{rel}","templated":true}]}}