{"id":6426,"date":"2020-11-29T17:04:08","date_gmt":"2020-11-29T17:04:08","guid":{"rendered":"https:\/\/romana-brunnauer.eu\/ruckzug-aktion-foyer\/"},"modified":"2020-12-26T11:00:25","modified_gmt":"2020-12-26T11:00:25","slug":"ruckzug-aktion-foyer","status":"publish","type":"page","link":"https:\/\/romana-brunnauer.eu\/de\/ruckzug-aktion-foyer\/","title":{"rendered":"R\u00fcckzug &#038; Aktion &#8211; Foyer"},"content":{"rendered":"\n<style type=\"text\/css\" data-created_by=\"avia_inline_auto\" id=\"style-css-av-ksuamz-63bf16eeb7f4f911b2aaf9e68f7877b8\">\n.flex_column.av-ksuamz-63bf16eeb7f4f911b2aaf9e68f7877b8{\nborder-radius:0px 0px 0px 0px;\npadding:0px 0px 0px 0px;\nbackground-color:#303231;\n}\n<\/style>\n<div  class='flex_column av-ksuamz-63bf16eeb7f4f911b2aaf9e68f7877b8 av_one_full  avia-builder-el-0  el_before_av_one_half  avia-builder-el-first  first flex_column_div av-zero-column-padding  '     ><p>\n<style type=\"text\/css\" data-created_by=\"avia_inline_auto\" id=\"style-css-av-khz7n0xb-61b98a01205f88ca90bc25be67d1a020\">\n.avia-image-container.av-khz7n0xb-61b98a01205f88ca90bc25be67d1a020 img.avia_image{\nbox-shadow:none;\n}\n.avia-image-container.av-khz7n0xb-61b98a01205f88ca90bc25be67d1a020 .av-image-caption-overlay-center{\ncolor:#ffffff;\n}\n<\/style>\n<div  class='avia-image-container av-khz7n0xb-61b98a01205f88ca90bc25be67d1a020 av-styling- avia-align-left  avia-builder-el-1  el_before_av_image  avia-builder-el-first '   itemprop=\"image\" itemscope=\"itemscope\" itemtype=\"https:\/\/schema.org\/ImageObject\" ><div class=\"avia-image-container-inner\"><div class=\"avia-image-overlay-wrap\"><img decoding=\"async\" fetchpriority=\"high\" class='wp-image-6372 avia-img-lazy-loading-not-6372 avia_image ' src=\"https:\/\/romana-brunnauer.eu\/wp-content\/uploads\/2020\/11\/DE-FOYER-1-1030x103.png\" alt='Foyer' title='DE-plain-logo'  height=\"103\" width=\"1030\"  itemprop=\"thumbnailUrl\" srcset=\"https:\/\/romana-brunnauer.eu\/wp-content\/uploads\/2020\/11\/DE-FOYER-1-1030x103.png 1030w, https:\/\/romana-brunnauer.eu\/wp-content\/uploads\/2020\/11\/DE-FOYER-1-300x30.png 300w, https:\/\/romana-brunnauer.eu\/wp-content\/uploads\/2020\/11\/DE-FOYER-1-768x77.png 768w, https:\/\/romana-brunnauer.eu\/wp-content\/uploads\/2020\/11\/DE-FOYER-1-705x71.png 705w, https:\/\/romana-brunnauer.eu\/wp-content\/uploads\/2020\/11\/DE-FOYER-1-450x45.png 450w, https:\/\/romana-brunnauer.eu\/wp-content\/uploads\/2020\/11\/DE-FOYER-1.png 1500w\" sizes=\"(max-width: 1030px) 100vw, 1030px\" \/><\/div><\/div><\/div><br \/>\n<\/p><\/div>\n\n<style type=\"text\/css\" data-created_by=\"avia_inline_auto\" id=\"style-css-av-izgwez-de3b9e38ac8aa8a286dea4d869511aad\">\n.flex_column.av-izgwez-de3b9e38ac8aa8a286dea4d869511aad{\nborder-radius:0px 0px 0px 0px;\npadding:0px 0px 0px 0px;\n}\n<\/style>\n<div  class='flex_column av-izgwez-de3b9e38ac8aa8a286dea4d869511aad av_one_half  avia-builder-el-3  el_after_av_one_full  el_before_av_one_half  first flex_column_div av-zero-column-padding  column-top-margin'     ><style type=\"text\/css\" data-created_by=\"avia_inline_auto\" id=\"style-css-av-hvt03f-1fc609cd172335f6a5ce1a4db386873a\">\n.avia-image-container.av-hvt03f-1fc609cd172335f6a5ce1a4db386873a img.avia_image{\nbox-shadow:none;\n}\n.avia-image-container.av-hvt03f-1fc609cd172335f6a5ce1a4db386873a .av-image-caption-overlay-center{\ncolor:#ffffff;\n}\n<\/style>\n<div  class='avia-image-container av-hvt03f-1fc609cd172335f6a5ce1a4db386873a av-styling- av-img-linked avia-align-center  avia-builder-el-4  avia-builder-el-no-sibling '   itemprop=\"image\" itemscope=\"itemscope\" itemtype=\"https:\/\/schema.org\/ImageObject\" ><div class=\"avia-image-container-inner\"><div class=\"avia-image-overlay-wrap\"><a href=\"https:\/\/romana-brunnauer.eu\/de\/ruckzug-aktion-die-virtuelle-ausstellung\/\" class='avia_image '  aria-label='bild-ausstellung-v1'><img decoding=\"async\" fetchpriority=\"high\" class='wp-image-6356 avia-img-lazy-loading-not-6356 avia_image ' src=\"https:\/\/romana-brunnauer.eu\/wp-content\/uploads\/2020\/11\/bild-ausstellung-v1.jpg\" alt='virtual exhibition' title='bild-ausstellung-v1'  height=\"460\" width=\"1366\"  itemprop=\"thumbnailUrl\" srcset=\"https:\/\/romana-brunnauer.eu\/wp-content\/uploads\/2020\/11\/bild-ausstellung-v1.jpg 1366w, https:\/\/romana-brunnauer.eu\/wp-content\/uploads\/2020\/11\/bild-ausstellung-v1-300x101.jpg 300w, https:\/\/romana-brunnauer.eu\/wp-content\/uploads\/2020\/11\/bild-ausstellung-v1-1030x347.jpg 1030w, https:\/\/romana-brunnauer.eu\/wp-content\/uploads\/2020\/11\/bild-ausstellung-v1-768x259.jpg 768w, https:\/\/romana-brunnauer.eu\/wp-content\/uploads\/2020\/11\/bild-ausstellung-v1-705x237.jpg 705w, https:\/\/romana-brunnauer.eu\/wp-content\/uploads\/2020\/11\/bild-ausstellung-v1-450x152.jpg 450w\" sizes=\"(max-width: 1366px) 100vw, 1366px\" \/><\/a><\/div><\/div><\/div><\/div>\n\n<style type=\"text\/css\" data-created_by=\"avia_inline_auto\" id=\"style-css-av-ck5zwb-20c7ab265a25674f9aa9226a75c5a609\">\n.flex_column.av-ck5zwb-20c7ab265a25674f9aa9226a75c5a609{\nborder-radius:0px 0px 0px 0px;\npadding:0px 0px 0px 0px;\n}\n<\/style>\n<div  class='flex_column av-ck5zwb-20c7ab265a25674f9aa9226a75c5a609 av_one_half  avia-builder-el-5  el_after_av_one_half  el_before_av_one_half  flex_column_div av-zero-column-padding  column-top-margin'     ><section  class='av_textblock_section av-khz3qzhi-8cbd5d9ed311c5efe681d5639cf3d6cd '   itemscope=\"itemscope\" itemtype=\"https:\/\/schema.org\/CreativeWork\" ><div class='avia_textblock'  itemprop=\"text\" ><h3><a href=\"https:\/\/romana-brunnauer.eu\/de\/ruckzug-aktion-die-virtuelle-ausstellung\/\">Die virtuelle AUSSTELLUNG<\/a><\/h3>\n<\/div><\/section><br \/>\n<section  class='av_textblock_section av-f8e2or-98c06cb9e18d21a6cf393e19130e3e37 '   itemscope=\"itemscope\" itemtype=\"https:\/\/schema.org\/CreativeWork\" ><div class='avia_textblock'  itemprop=\"text\" ><p>In Zeiten der Pandemie m\u00fcssen sich vor allem K\u00fcnstler in der \u201eNeuen Realit\u00e4t\u201c zurecht finden und alternative Wege einschlagen. Mit meiner virtuellen Ausstellung \u201eR\u00fcckzug &#038; Aktion\u201c lasse ich das Jahr 2020 ausklingen und begr\u00fc\u00dfe damit auch das neue Jahr 2021.<\/p>\n<p>\u201eR\u00fcckzug &#038; Aktion zeigt 20 kleine Arbeiten, die sich dem Thema der sozialen Distanz w\u00e4hrend der Pandemie widmen. Mehr dar\u00fcber erfahren Sie in der virtuellen 3D-Ausstellung &#8230;<\/p>\n<p>Meine Empfehlung f\u00fcr den ersten Besuch: Sobald Sie die virtuelle Ausstellung betreten haben, w\u00e4hlen Sie im Men\u00fc \u201eDE\u201c, falls Deutsch noch nicht voreingestellt ist. W\u00e4hlen Sie dann <i>Vollbild<\/i> und <i>Tour starten<\/i>.<\/p>\n<\/div><\/section><\/p><\/div>\n\n<style type=\"text\/css\" data-created_by=\"avia_inline_auto\" id=\"style-css-av-ck5zwb-928d498a5965d03b379c65932bd41a38\">\n.flex_column.av-ck5zwb-928d498a5965d03b379c65932bd41a38{\nborder-radius:0px 0px 0px 0px;\npadding:0px 0px 0px 0px;\n}\n<\/style>\n<div  class='flex_column av-ck5zwb-928d498a5965d03b379c65932bd41a38 av_one_half  avia-builder-el-8  el_after_av_one_half  el_before_av_one_half  first flex_column_div av-zero-column-padding  column-top-margin'     ><style type=\"text\/css\" data-created_by=\"avia_inline_auto\" id=\"style-css-av-hvt03f-3fb357127362f1a2a5983f682a8dc6fe\">\n.avia-image-container.av-hvt03f-3fb357127362f1a2a5983f682a8dc6fe img.avia_image{\nbox-shadow:none;\n}\n.avia-image-container.av-hvt03f-3fb357127362f1a2a5983f682a8dc6fe .av-image-caption-overlay-center{\ncolor:#ffffff;\n}\n<\/style>\n<div  class='avia-image-container av-hvt03f-3fb357127362f1a2a5983f682a8dc6fe av-styling- av-img-linked avia-align-center  avia-builder-el-9  avia-builder-el-no-sibling '   itemprop=\"image\" itemscope=\"itemscope\" itemtype=\"https:\/\/schema.org\/ImageObject\" ><div class=\"avia-image-container-inner\"><div class=\"avia-image-overlay-wrap\"><a href=\"https:\/\/romana-brunnauer.eu\/de\/ruckzug-aktion-der-virtuelle-shop\/\" class='avia_image '  aria-label='konzept-bild-shop-V2'><img decoding=\"async\" fetchpriority=\"high\" class='wp-image-6397 avia-img-lazy-loading-not-6397 avia_image ' src=\"https:\/\/romana-brunnauer.eu\/wp-content\/uploads\/2020\/11\/konzept-bild-shop-V2.jpg\" alt='virtueller shop' title='konzept-bild-shop-V2'  height=\"460\" width=\"1366\"  itemprop=\"thumbnailUrl\" srcset=\"https:\/\/romana-brunnauer.eu\/wp-content\/uploads\/2020\/11\/konzept-bild-shop-V2.jpg 1366w, https:\/\/romana-brunnauer.eu\/wp-content\/uploads\/2020\/11\/konzept-bild-shop-V2-300x101.jpg 300w, https:\/\/romana-brunnauer.eu\/wp-content\/uploads\/2020\/11\/konzept-bild-shop-V2-1030x347.jpg 1030w, https:\/\/romana-brunnauer.eu\/wp-content\/uploads\/2020\/11\/konzept-bild-shop-V2-768x259.jpg 768w, https:\/\/romana-brunnauer.eu\/wp-content\/uploads\/2020\/11\/konzept-bild-shop-V2-705x237.jpg 705w, https:\/\/romana-brunnauer.eu\/wp-content\/uploads\/2020\/11\/konzept-bild-shop-V2-450x152.jpg 450w\" sizes=\"(max-width: 1366px) 100vw, 1366px\" \/><\/a><\/div><\/div><\/div><\/div>\n\n<style type=\"text\/css\" data-created_by=\"avia_inline_auto\" id=\"style-css-av-5eu8iz-afce84b71f86fb0e20d99627fd158c33\">\n.flex_column.av-5eu8iz-afce84b71f86fb0e20d99627fd158c33{\nborder-radius:0px 0px 0px 0px;\npadding:0px 0px 0px 0px;\n}\n<\/style>\n<div  class='flex_column av-5eu8iz-afce84b71f86fb0e20d99627fd158c33 av_one_half  avia-builder-el-10  el_after_av_one_half  avia-builder-el-last  flex_column_div av-zero-column-padding  column-top-margin'     ><section  class='av_textblock_section av-khz3qzhi-8cbd5d9ed311c5efe681d5639cf3d6cd '   itemscope=\"itemscope\" itemtype=\"https:\/\/schema.org\/CreativeWork\" ><div class='avia_textblock'  itemprop=\"text\" ><h3><a href=\"https:\/\/romana-brunnauer.eu\/de\/ruckzug-aktion-der-virtuelle-shop\/\">Der virtuelle SHOP<\/a><\/h3>\n<p>Passend zur virtuellen Ausstellung habe ich einen \u201evirtuellen Shop\u201c ins Leben gerufen. Erstmals biete ich direkt von meinem Atelier aus Werke zum Kauf an.<\/p>\n<\/div><\/section><\/div>\n","protected":false},"excerpt":{"rendered":"","protected":false},"author":1,"featured_media":0,"parent":0,"menu_order":0,"comment_status":"closed","ping_status":"closed","template":"","meta":{"footnotes":""},"class_list":["post-6426","page","type-page","status-publish","hentry"],"_links":{"self":[{"href":"https:\/\/romana-brunnauer.eu\/de\/wp-json\/wp\/v2\/pages\/6426","targetHints":{"allow":["GET"]}}],"collection":[{"href":"https:\/\/romana-brunnauer.eu\/de\/wp-json\/wp\/v2\/pages"}],"about":[{"href":"https:\/\/romana-brunnauer.eu\/de\/wp-json\/wp\/v2\/types\/page"}],"author":[{"embeddable":true,"href":"https:\/\/romana-brunnauer.eu\/de\/wp-json\/wp\/v2\/users\/1"}],"replies":[{"embeddable":true,"href":"https:\/\/romana-brunnauer.eu\/de\/wp-json\/wp\/v2\/comments?post=6426"}],"version-history":[{"count":14,"href":"https:\/\/romana-brunnauer.eu\/de\/wp-json\/wp\/v2\/pages\/6426\/revisions"}],"predecessor-version":[{"id":6557,"href":"https:\/\/romana-brunnauer.eu\/de\/wp-json\/wp\/v2\/pages\/6426\/revisions\/6557"}],"wp:attachment":[{"href":"https:\/\/romana-brunnauer.eu\/de\/wp-json\/wp\/v2\/media?parent=6426"}],"curies":[{"name":"wp","href":"https:\/\/api.w.org\/{rel}","templated":true}]}}