{"id":20964,"date":"2024-10-07T18:47:13","date_gmt":"2024-10-07T18:47:13","guid":{"rendered":"https:\/\/romana-brunnauer.eu\/arte\/obra-figurativa\/new-reality-3-0\/"},"modified":"2024-10-12T18:32:31","modified_gmt":"2024-10-12T18:32:31","slug":"new-reality-3-0","status":"publish","type":"page","link":"https:\/\/romana-brunnauer.eu\/es\/arte\/obra-figurativa\/new-reality-3-0\/","title":{"rendered":"New Reality 3.0"},"content":{"rendered":"<div  class='flex_column av-15xxv8y-f29135e37e656556da8dae362f547c11 av_two_third  avia-builder-el-0  el_before_av_one_third  avia-builder-el-first  first flex_column_div  '     ><style type=\"text\/css\" data-created_by=\"avia_inline_auto\" id=\"style-css-sub-av-m1xta0cv-e83ab8abb71141b6678157df21896cca\">\n.avia-timeline-container .av-milestone.av-m1xt90u8-f1401d086879992dc3947fb05c91cb87 .av-milestone-icon-inner{\nbackground-image:url(https:\/\/romana-brunnauer.eu\/wp-content\/uploads\/2023\/01\/Himmel-Mitte-75dpi-183x300.jpg);\n}\n.avia-timeline-container .av-milestone.av-13tbdoy-35e81cca5e46a43ef4a979034360f511 .av-milestone-icon-inner{\nbackground-image:url(https:\/\/romana-brunnauer.eu\/wp-content\/uploads\/2023\/01\/kainabel-95x125cm-300x225.jpg);\n}\n.avia-timeline-container .av-milestone.av-r7iseq-5c5199eadb93f2b8faa8555a29c910ea .av-milestone-icon-inner{\nbackground-image:url(https:\/\/romana-brunnauer.eu\/wp-content\/uploads\/2024\/10\/Good-Morning-1500-300x210.jpg);\n}\n<\/style>\n<div  id=\"avia-timeline-1\"  class='avia-timeline-container av-m1xta0cv-e83ab8abb71141b6678157df21896cca av-slideshow-ui  avia-builder-el-1  avia-builder-el-no-sibling ' ><ul class='avia-timeline avia-timeline-vertical av-milestone-placement-left avia-timeline- avia_animate_when_almost_visible avia-timeline-animate'>\n<li  class='av-milestone av-m1xt90u8-f1401d086879992dc3947fb05c91cb87 av-animated-generic fade-in av-milestone-valign-baseline av-milestone-odd'><h2 class='av-milestone-date ' id='milestone-enero-2020' ><a href='https:\/\/romana-brunnauer.eu\/es\/arte\/obra-figurativa\/pandemia\/'  title=\"Pandemia\" aria-label=\"Pandemia\">Enero 2020<span class='av-milestone-indicator'><\/span><\/a><\/h2><a class='av-milestone-icon-wrap' href='https:\/\/romana-brunnauer.eu\/es\/arte\/obra-figurativa\/pandemia\/'  title=\"Pandemia\" aria-label=\"Pandemia\"><span class='av-milestone-icon milestone_icon milestone-icon-hasborder'><span class='av-milestone-icon-inner milestone_inner'>&nbsp;<\/span><\/span><\/a><article class='av-milestone-content-wrap'><div class='av-milestone-contentbox'><header class=\"entry-content-header\" aria-label=\"Milestone: Pandemia\"><h4 class='av-milestone-title '><a href='https:\/\/romana-brunnauer.eu\/es\/arte\/obra-figurativa\/pandemia\/'  title=\"Pandemia\" aria-label=\"Pandemia\">Pandemia<\/a><\/h4><\/header><div class='av-milestone-content'><\/div><\/div><footer class='av-milestone-article-footer entry-footer'><\/footer><\/article><\/li>\n<li  class='av-milestone av-13tbdoy-35e81cca5e46a43ef4a979034360f511 av-animated-generic fade-in av-milestone-valign-baseline av-milestone-even'><h2 class='av-milestone-date ' id='milestone-febrero-2022' ><a href='https:\/\/romana-brunnauer.eu\/es\/arte\/obra-figurativa\/guerra-en-europa\/'  title=\"Guerra en Europa\" aria-label=\"Guerra en Europa\">Febrero 2022<span class='av-milestone-indicator'><\/span><\/a><\/h2><a class='av-milestone-icon-wrap' href='https:\/\/romana-brunnauer.eu\/es\/arte\/obra-figurativa\/guerra-en-europa\/'  title=\"Guerra en Europa\" aria-label=\"Guerra en Europa\"><span class='av-milestone-icon milestone_icon milestone-icon-hasborder'><span class='av-milestone-icon-inner milestone_inner'>&nbsp;<\/span><\/span><\/a><article class='av-milestone-content-wrap'><div class='av-milestone-contentbox'><header class=\"entry-content-header\" aria-label=\"Milestone: Guerra en Europa\"><h4 class='av-milestone-title '><a href='https:\/\/romana-brunnauer.eu\/es\/arte\/obra-figurativa\/guerra-en-europa\/'  title=\"Guerra en Europa\" aria-label=\"Guerra en Europa\">Guerra en Europa<\/a><\/h4><\/header><div class='av-milestone-content'><\/div><\/div><footer class='av-milestone-article-footer entry-footer'><\/footer><\/article><\/li>\n<li  class='av-milestone av-r7iseq-5c5199eadb93f2b8faa8555a29c910ea av-animated-generic fade-in av-milestone-valign-baseline av-milestone-odd'><h2 class='av-milestone-date ' id='milestone-octubre-2023' ><a href='https:\/\/romana-brunnauer.eu\/es\/arte\/obra-figurativa\/guerra-en-el-medio-oriente\/'  title=\"Guerra en el Medio Oriente\" aria-label=\"Guerra en el Medio Oriente\">Octubre 2023<span class='av-milestone-indicator'><\/span><\/a><\/h2><a class='av-milestone-icon-wrap' href='https:\/\/romana-brunnauer.eu\/es\/arte\/obra-figurativa\/guerra-en-el-medio-oriente\/'  title=\"Guerra en el Medio Oriente\" aria-label=\"Guerra en el Medio Oriente\"><span class='av-milestone-icon milestone_icon milestone-icon-hasborder'><span class='av-milestone-icon-inner milestone_inner'>&nbsp;<\/span><\/span><\/a><article class='av-milestone-content-wrap'><div class='av-milestone-contentbox'><header class=\"entry-content-header\" aria-label=\"Milestone: Guerra en el Medio Oriente\"><h4 class='av-milestone-title '><a href='https:\/\/romana-brunnauer.eu\/es\/arte\/obra-figurativa\/guerra-en-el-medio-oriente\/'  title=\"Guerra en el Medio Oriente\" aria-label=\"Guerra en el Medio Oriente\">Guerra en el Medio Oriente<\/a><\/h4><\/header><div class='av-milestone-content'><\/div><\/div><footer class='av-milestone-article-footer entry-footer'><\/footer><\/article><\/li>\n<\/ul><\/div><\/div><div  class='flex_column av-mws8aa-c33a8ed77e42dee376d7ab480ed89578 av_one_third  avia-builder-el-2  el_after_av_two_third  avia-builder-el-last  flex_column_div  '     ><section  class='av_textblock_section av-m1xswrl9-9ecf38a4de861e4b806f55bc3eb3029d '   itemscope=\"itemscope\" itemtype=\"https:\/\/schema.org\/CreativeWork\" ><div class='avia_textblock'  itemprop=\"text\" ><p style=\"text-align: left;\" align=\"center\"><span style=\"font-family: Liberation Sans, sans-serif;\"><span style=\"font-size: xx-large;\"><b>New Reality 3.0<br \/>\n<\/b><\/span><\/span><\/p>\n<p>Mucho antes de la pandemia, ya se utilizaba el t\u00e9rmino \u00abNueva Realidad\u00bb para resumir diversas tendencias de desarrollo social o pol\u00edtico. A nivel te\u00f3rico, la gente advert\u00eda de peligros potenciales. Algunos incluso predijeron el fin del mundo.<\/p>\n<p>Hoy (octubre 2024), la pandemia, dos guerras y el cada vez m\u00e1s evidente cambio clim\u00e1tico han creado un mundo que no se pod\u00eda imaginar hace s\u00f3lo unos a\u00f1os.  <\/p>\n<p>En mi exploraci\u00f3n art\u00edstica, trabajo sobre los temas de esta \u00abnueva realidad\u00bb y me pregunto qu\u00e9 hace a los directamente afectados y, en consecuencia, a todos nosotros. <\/p>\n<p>Mis pinturas cuentan historias. Para ello, a veces utilizo un lenguaje formal que recuerda vagamente al c\u00f3mic.<\/p>\n<p>Trabajo con acr\u00edlico sobre lienzo. Desde agosto de 2023 utilizo adicional el collage (t\u00e9cnica de transferencia) en peque\u00f1as secciones de pinturas, pero s\u00f3lo para pinturas de tema de guerra.<\/p>\n<\/div><\/section><\/div><\/p>\n","protected":false},"excerpt":{"rendered":"","protected":false},"author":1,"featured_media":0,"parent":3733,"menu_order":3,"comment_status":"closed","ping_status":"closed","template":"","meta":{"footnotes":""},"class_list":["post-20964","page","type-page","status-publish","hentry"],"_links":{"self":[{"href":"https:\/\/romana-brunnauer.eu\/es\/wp-json\/wp\/v2\/pages\/20964","targetHints":{"allow":["GET"]}}],"collection":[{"href":"https:\/\/romana-brunnauer.eu\/es\/wp-json\/wp\/v2\/pages"}],"about":[{"href":"https:\/\/romana-brunnauer.eu\/es\/wp-json\/wp\/v2\/types\/page"}],"author":[{"embeddable":true,"href":"https:\/\/romana-brunnauer.eu\/es\/wp-json\/wp\/v2\/users\/1"}],"replies":[{"embeddable":true,"href":"https:\/\/romana-brunnauer.eu\/es\/wp-json\/wp\/v2\/comments?post=20964"}],"version-history":[{"count":29,"href":"https:\/\/romana-brunnauer.eu\/es\/wp-json\/wp\/v2\/pages\/20964\/revisions"}],"predecessor-version":[{"id":21143,"href":"https:\/\/romana-brunnauer.eu\/es\/wp-json\/wp\/v2\/pages\/20964\/revisions\/21143"}],"up":[{"embeddable":true,"href":"https:\/\/romana-brunnauer.eu\/es\/wp-json\/wp\/v2\/pages\/3733"}],"wp:attachment":[{"href":"https:\/\/romana-brunnauer.eu\/es\/wp-json\/wp\/v2\/media?parent=20964"}],"curies":[{"name":"wp","href":"https:\/\/api.w.org\/{rel}","templated":true}]}}