{"id":2329,"date":"2017-04-10T09:48:55","date_gmt":"2017-04-10T09:48:55","guid":{"rendered":"http:\/\/artist.romana-brunnauer.eu\/?page_id=2329\/"},"modified":"2023-04-05T09:37:37","modified_gmt":"2023-04-05T09:37:37","slug":"about","status":"publish","type":"page","link":"https:\/\/romana-brunnauer.eu\/es\/artista\/about\/","title":{"rendered":"Sobre la artista"},"content":{"rendered":"<div class='flex_column_table av-ev5b6h-0ff4833c363e745796b01c1dcf0feca8 sc-av_two_third av-equal-height-column-flextable'>\n<style type=\"text\/css\" data-created_by=\"avia_inline_auto\" id=\"style-css-av-ev5b6h-0ff4833c363e745796b01c1dcf0feca8\">\n.flex_column.av-ev5b6h-0ff4833c363e745796b01c1dcf0feca8{\nborder-radius:0px 0px 0px 0px;\npadding:0px 0px 0px 0px;\n}\n<\/style>\n<div  class='flex_column av-ev5b6h-0ff4833c363e745796b01c1dcf0feca8 av_two_third  avia-builder-el-0  el_before_av_one_third  avia-builder-el-first  first flex_column_table_cell av-equal-height-column av-align-top av-zero-column-padding  '     ><p>\n<style type=\"text\/css\" data-created_by=\"avia_inline_auto\" id=\"style-css-av-lg3hw9i7-54d8106f90f066c661ad4a30c16c528f\">\n.avia-image-container.av-lg3hw9i7-54d8106f90f066c661ad4a30c16c528f img.avia_image{\nbox-shadow:none;\n}\n.avia-image-container.av-lg3hw9i7-54d8106f90f066c661ad4a30c16c528f .av-image-caption-overlay-center{\ncolor:#ffffff;\n}\n<\/style>\n<div  class='avia-image-container av-lg3hw9i7-54d8106f90f066c661ad4a30c16c528f av-styling- avia-align-center  avia-builder-el-1  el_before_av_textblock  avia-builder-el-first '   itemprop=\"image\" itemscope=\"itemscope\" itemtype=\"https:\/\/schema.org\/ImageObject\" ><div class=\"avia-image-container-inner\"><div class=\"avia-image-overlay-wrap\"><img decoding=\"async\" fetchpriority=\"high\" class='wp-image-20489 avia-img-lazy-loading-not-20489 avia_image ' src=\"https:\/\/romana-brunnauer.eu\/wp-content\/uploads\/2023\/04\/romana-brunnauer-artist1.jpg\" alt='' title='romana-brunnauer-artist1'  height=\"683\" width=\"1024\"  itemprop=\"thumbnailUrl\" srcset=\"https:\/\/romana-brunnauer.eu\/wp-content\/uploads\/2023\/04\/romana-brunnauer-artist1.jpg 1024w, https:\/\/romana-brunnauer.eu\/wp-content\/uploads\/2023\/04\/romana-brunnauer-artist1-300x200.jpg 300w, https:\/\/romana-brunnauer.eu\/wp-content\/uploads\/2023\/04\/romana-brunnauer-artist1-768x512.jpg 768w, https:\/\/romana-brunnauer.eu\/wp-content\/uploads\/2023\/04\/romana-brunnauer-artist1-705x470.jpg 705w\" sizes=\"(max-width: 1024px) 100vw, 1024px\" \/><\/div><\/div><\/div><br \/>\n<section  class='av_textblock_section av-lg3hww4r-e6b61bce09a594078f8ba04eeb407254 '   itemscope=\"itemscope\" itemtype=\"https:\/\/schema.org\/CreativeWork\" ><div class='avia_textblock'  itemprop=\"text\" ><p>Foto: Robert B\u00fchler<\/p>\n<\/div><\/section><\/p><\/div><div class='av-flex-placeholder'><\/div>\n<style type=\"text\/css\" data-created_by=\"avia_inline_auto\" id=\"style-css-av-7vf8m1-b081857370cb649426bf5ecc7e1e6b41\">\n.flex_column.av-7vf8m1-b081857370cb649426bf5ecc7e1e6b41{\nborder-radius:0px 0px 0px 0px;\npadding:0px 0px 0px 0px;\n}\n<\/style>\n<div  class='flex_column av-7vf8m1-b081857370cb649426bf5ecc7e1e6b41 av_one_third  avia-builder-el-3  el_after_av_two_third  el_before_av_one_third  flex_column_table_cell av-equal-height-column av-align-top av-zero-column-padding  '     ><p>\n<style type=\"text\/css\" data-created_by=\"avia_inline_auto\" id=\"style-css-av-5ott1l-e318f6554c339dc2dd8f5bca315d3a04\">\n#top .hr.hr-invisible.av-5ott1l-e318f6554c339dc2dd8f5bca315d3a04{\nheight:1px;\n}\n<\/style>\n<div  class='hr av-5ott1l-e318f6554c339dc2dd8f5bca315d3a04 hr-invisible  avia-builder-el-4  el_before_av_textblock  avia-builder-el-first '><span class='hr-inner '><span class=\"hr-inner-style\"><\/span><\/span><\/div><br \/>\n<section  class='av_textblock_section av-3nvkah-346a87409fbbbe9e29c975fac1ddf99d '   itemscope=\"itemscope\" itemtype=\"https:\/\/schema.org\/CreativeWork\" ><div class='avia_textblock'  itemprop=\"text\" ><h1>Artista<\/h1>\n<p class=\"western\"><span lang=\"es-ES\">Romana G. Brunnauer naci\u00f3 en Salzburgo (Austria). Estudi\u00f3, vivi\u00f3 y trabaj\u00f3 en Munich (Alemania). Despu\u00e9s de la Universidad comenz\u00f3 como escritora y directora creativa para diversos medios de comunicaci\u00f3n. Gan\u00f3 numerosos premios de prestigio a lo largo de su carrera. <\/span><\/p>\n<p class=\"western\"><span lang=\"es-ES\">En 2005 se traslad\u00f3 a Lanzarote en las Islas Canarias, Espa\u00f1a. Desde 2006 est\u00e1 dedicada exclusivamente a las artes pl\u00e1sticas, y en concreto a la pintura. Estudi\u00f3 con renombrados artistas como los \u00abZhou-brothers\u00bb de Chicago. Su trabajo se ha expuesto en Lanzarote e internacionalmente en diferentes espacios expositivos y su obra est\u00e1 repartida en colecciones privadas y p\u00fablicas.<\/span><\/p>\n<h5 class=\"western\"><b>Declaraci\u00f3n de la Arista<\/b><\/h5>\n<p>\u00abMi pintura est\u00e1 inspirada en lo que nos mueve como seres humanos, lo que nos motiva, lo que tememos y lo que amamos. Explora las motivaciones internas detr\u00e1s de las acciones externas. No lo abordo cient\u00edficamente, sino intuitivamente, y me enfoco en las energ\u00edas subyacentes. En mi proceso de pintura, enfrento estas energ\u00edas y las expreso art\u00edsticamente. Hasta 2017, trabaj\u00e9 puramente de manera abstracta con elementos figurativos m\u00ednimos. Desde entonces, lo figurativo cobra cada vez m\u00e1s protagonismo.<\/p>\n<p>Con el inicio de crisis mundiales (como Corona y m\u00e1s tarde la guerra en Ucrania), mi trabajo art\u00edstico tambi\u00e9n aborda temas sociales y pol\u00edticos (mundiales).<\/p>\n<p>En el centro de mis obras m\u00e1s recientes se encuentran retratos e \u00abhistorias\u00bb de personajes ficticios. Est\u00e1n entrelazados con un espacio de acci\u00f3n a menudo no definido, a veces semiabstracto, que enmarca el tema respectivo en su importancia social y personal.<\/p>\n<p>Mi material preferido es la pintura acr\u00edlica sobre lienzo.\u00bb<\/p>\n<p>Romana G. Brunnauer, abril 2023<\/p>\n<\/div><\/section><\/p><\/div><\/div><!--close column table wrapper. Autoclose: 1 -->\n<style type=\"text\/css\" data-created_by=\"avia_inline_auto\" id=\"style-css-av-2vgbvd-84f8df2b3faca3ec7b029760045de9e3\">\n.flex_column.av-2vgbvd-84f8df2b3faca3ec7b029760045de9e3{\nborder-radius:0px 0px 0px 0px;\npadding:0px 0px 0px 0px;\n}\n<\/style>\n<div  class='flex_column av-2vgbvd-84f8df2b3faca3ec7b029760045de9e3 av_one_third  avia-builder-el-6  el_after_av_one_third  avia-builder-el-last  first flex_column_div av-zero-column-padding  column-top-margin'     ><\/div><\/p>\n","protected":false},"excerpt":{"rendered":"","protected":false},"author":1,"featured_media":0,"parent":2325,"menu_order":1,"comment_status":"closed","ping_status":"closed","template":"","meta":{"footnotes":""},"class_list":["post-2329","page","type-page","status-publish","hentry"],"_links":{"self":[{"href":"https:\/\/romana-brunnauer.eu\/es\/wp-json\/wp\/v2\/pages\/2329","targetHints":{"allow":["GET"]}}],"collection":[{"href":"https:\/\/romana-brunnauer.eu\/es\/wp-json\/wp\/v2\/pages"}],"about":[{"href":"https:\/\/romana-brunnauer.eu\/es\/wp-json\/wp\/v2\/types\/page"}],"author":[{"embeddable":true,"href":"https:\/\/romana-brunnauer.eu\/es\/wp-json\/wp\/v2\/users\/1"}],"replies":[{"embeddable":true,"href":"https:\/\/romana-brunnauer.eu\/es\/wp-json\/wp\/v2\/comments?post=2329"}],"version-history":[{"count":8,"href":"https:\/\/romana-brunnauer.eu\/es\/wp-json\/wp\/v2\/pages\/2329\/revisions"}],"predecessor-version":[{"id":20499,"href":"https:\/\/romana-brunnauer.eu\/es\/wp-json\/wp\/v2\/pages\/2329\/revisions\/20499"}],"up":[{"embeddable":true,"href":"https:\/\/romana-brunnauer.eu\/es\/wp-json\/wp\/v2\/pages\/2325"}],"wp:attachment":[{"href":"https:\/\/romana-brunnauer.eu\/es\/wp-json\/wp\/v2\/media?parent=2329"}],"curies":[{"name":"wp","href":"https:\/\/api.w.org\/{rel}","templated":true}]}}