{"id":2334,"date":"2017-04-10T09:49:39","date_gmt":"2017-04-10T09:49:39","guid":{"rendered":"http:\/\/artist.romana-brunnauer.eu\/?page_id=2334\/"},"modified":"2025-05-31T11:20:09","modified_gmt":"2025-05-31T11:20:09","slug":"curriculum-vitae","status":"publish","type":"page","link":"https:\/\/romana-brunnauer.eu\/es\/artista\/curriculum-vitae\/","title":{"rendered":"Curr\u00edculo"},"content":{"rendered":"\n<style type=\"text\/css\" data-created_by=\"avia_inline_auto\" id=\"style-css-av-csvb2-b3be0dfe60f029889eb6d712cf319635\">\n.flex_column.av-csvb2-b3be0dfe60f029889eb6d712cf319635{\nborder-radius:0px 0px 0px 0px;\npadding:0px 0px 0px 0px;\n}\n<\/style>\n<div  class='flex_column av-csvb2-b3be0dfe60f029889eb6d712cf319635 av_one_full  avia-builder-el-0  avia-builder-el-no-sibling  first flex_column_div av-zero-column-padding  '     ><section  class='av_textblock_section av-25mjni-baf5a971cb95ca215ce26df53f3460a2 '   itemscope=\"itemscope\" itemtype=\"https:\/\/schema.org\/CreativeWork\" ><div class='avia_textblock'  itemprop=\"text\" ><h1><\/h1>\n<h1>Curr\u00edculo &#8211; Datos Principales<\/h1>\n<h2>Formaci\u00f3n<\/h2>\n<p><strong>Educaci\u00f3n Universitaria<\/strong><\/p>\n<ul>\n<li class=\"list\">Pedagog\u00eda social (Diploma en Pedagog\u00eda Social &#8211; Universidad FHM, Munich)<\/li>\n<li class=\"list\">Filolog\u00eda alemana, Filosof\u00eda, Pedagog\u00eda (Magister Artium, Universidad LMU, Munich)<\/li>\n<\/ul>\n<p><strong>Educaci\u00f3n Art\u00edstica<\/strong><\/p>\n<ul>\n<li class=\"list\">1987 y 1988: Dibujar en la clase de Thomas M\u00f6ser<\/li>\n<li class=\"list\">2001: Acuarela curso en la Universidad Popular de Munich<\/li>\n<li class=\"list\">2002: Curso de pintura acr\u00edlica de la Universidad Popular de Munich<\/li>\n<li class=\"list\">2009: International Summeracademy of fine Arts, Salzburgo (Austria)<br \/>\nClase: Zhou-Brothers (Chicago)<\/li>\n<li class=\"list\">2009 &#8211; 2013: Clases individuales de Elisa Betancort, Lanzarote<\/li>\n<li class=\"list\">2011: Summeracademy 4801, Traunkirchen (Austria)<br \/>\nClase: Zhou-Brothers (Chicago)<\/li>\n<li class=\"list\">2013 \/ 2014: Academ\u00eda de Arte Bad Reichenhall (Alemania)<br \/>\nClase: Zhou-Brothers (Chicago)<\/li>\n<li class=\"list\">2015: Academ\u00eda de Arte Kolbermoor (Alemania)<\/li>\n<li class=\"list\">2019: Academ\u00eda de Arte Kolbermoor (Alemania),<br \/>\nWorkshop con Lynn Schoene (1953 &#8211; 2020)<\/li>\n<\/ul>\n<h2 class=\"headline1\">Exposiciones<\/h2>\n<p>2025<\/p>\n<ul>\n<li>\u201cNueva Realidad 3.0\u201d CIC El Almac\u00e9n, Arrecife (Lanzarote)<\/li>\n<\/ul>\n<p>2024<\/p>\n<ul>\n<li>\u201cBodies of Water\u201d Galer\u00eda 33contemporary, Miami (USA)<\/li>\n<li>\u201cResilience\u201d Galer\u00eda 33contemporary, Miami (USA)<\/li>\n<\/ul>\n<p>2023<\/p>\n<ul>\n<li>\u00abSurgir\u00bb &#8211; Galer\u00eda ARTENMALA, Lanzarote (Spain)<\/li>\n<li>\u00abMetamorphosis\u00bb (International Contemporary Art Festival), Quirofano, Arrecife, Lanzarote (Spain)<\/li>\n<li>\u00ab20 x 20\u00bb Convento Santa Domingo, Villa de Teguise, Lanzarote (Spain)<\/li>\n<li>\u201eArtbox Project New York 2.0\u201c\u00a0 The Gallery, New York (USA)<\/li>\n<\/ul>\n<p>2022<\/p>\n<ul>\n<li>\u00abS\u00f3lo estamos hablando\u00bb Galer\u00eda ARTENMALA, Lanzarote (Spain)<\/li>\n<li>\u00abCLASH\u00bb La Lacuna Festivals (internet group exhibition)<\/li>\n<li>\u00abK\u00fcnstler machen Helfer sichtbar \/ <span class=\"VIiyi\" lang=\"es\"><span class=\"JLqJ4b ChMk0b\" data-language-for-alternatives=\"es\" data-language-to-translate-into=\"de\" data-phrase-index=\"0\">Los artistas hacen visibles a los ayudantes\u00bb (2)<\/span> <span class=\"JLqJ4b ChMk0b\" data-language-for-alternatives=\"es\" data-language-to-translate-into=\"de\" data-phrase-index=\"2\">exposici\u00f3n itinerante, Nuremberg, Alemania)<\/span><\/span><\/li>\n<\/ul>\n<p>2021<\/p>\n<ul>\n<li>\u00abK\u00fcnstler machen Helfer sichtbar \/ <span class=\"VIiyi\" lang=\"es\"><span class=\"JLqJ4b ChMk0b\" data-language-for-alternatives=\"es\" data-language-to-translate-into=\"de\" data-phrase-index=\"0\">Los artistas hacen visibles a los ayudantes\u00bb (1)<\/span> <span class=\"JLqJ4b ChMk0b\" data-language-for-alternatives=\"es\" data-language-to-translate-into=\"de\" data-phrase-index=\"2\">exposici\u00f3n itinerante, Nuremberg, Alemania)<\/span><\/span><\/li>\n<li><span class=\"JLqJ4b ChMk0b\" data-language-for-alternatives=\"en\" data-language-to-translate-into=\"de\" data-phrase-index=\"3\">\u00abDistance\u00bb, Casa de la Cultura Benito P\u00e9rez Armas, Yaiza, Lanzarote<\/span><\/li>\n<li>\u00abA la Deriva\u00bb, Galer\u00eda ARTENMALA, Lanzarote (Espa\u00f1a)<\/li>\n<li>\u00abMAV Ocupa Los Museos\u00bb (e<span class=\"VIiyi\" lang=\"es\"><span class=\"JLqJ4b ChMk0b\" data-language-for-alternatives=\"es\" data-language-to-translate-into=\"de\" data-phrase-index=\"4\">xposici\u00f3n online<\/span><\/span>)<\/li>\n<li><span class=\"VIiyi\" lang=\"es\"><span class=\"JLqJ4b ChMk0b\" data-language-for-alternatives=\"es\" data-language-to-translate-into=\"en\" data-phrase-index=\"2\">\u00abIsolation Chronicals\u00bb, (Virtual exposici\u00f3n internacional, Sergio Gomez Curates Net)<\/span><\/span><\/li>\n<\/ul>\n<p>2020<\/p>\n<p>Debido a la pandemia, todas mis exposiciones programadas fueron canceladas. S\u00f3lo tuve dos exposiciones virtuales:<\/p>\n<ul>\n<li>\u00abLost \/ Perdido\u00bb (Festivales La Lacuna).<\/li>\n<li>\u00abRetreat &amp; Action\u00bb (INDIVIDUAL en Kunstmatrix).<\/li>\n<\/ul>\n<p>2019<\/p>\n<ul>\n<li>Artbox Project Miami 2.0, Artbasel Artweeks, Miami (USA)<\/li>\n<li>Lanzarote Art Festival, Sala de Expociones Quir\u00f3fano, Lanzarote<\/li>\n<li>Galer\u00eda ARTENMALA (Espa\u00f1a) &#8211; FACING &#8211; INDIVIDUAL<\/li>\n<li>Galer\u00eda ARTENMALA (Espa\u00f1a) &#8211; Con el Viento<\/li>\n<\/ul>\n<p>2018<\/p>\n<ul>\n<li>33contemporary gallery, Chicago (USA) &#8211; With the Wind<\/li>\n<li>Hesperides, Villa de Teguise, Lanzarote &#8211; Ventana abierta<\/li>\n<li>Art NXT level projects, Chicago (USA) &#8211; Self Portraits<\/li>\n<\/ul>\n<p>2017<\/p>\n<ul>\n<li>Espacio D\u00f6rffi (Centro de Arte), Lanzarote<\/li>\n<li>33 contemporary GALLERY, Chicago (USA) &#8211; Sketchbook<\/li>\n<li class=\"list\">Gallery ARTENMALA, Lanzarote<\/li>\n<li class=\"list\">33 contemporary GALLERY, Chicago (USA) &#8211; Layered<\/li>\n<\/ul>\n<p>2016<\/p>\n<ul>\n<li class=\"list\">Galer\u00eda ARTENMALA, Lanzarote &#8211; INDIVIDUAL<\/li>\n<li class=\"list\">USK Lanzarote (Bienal OFF), T\u00edas, Lanzarote<\/li>\n<li class=\"list\">Sala de Expociones \u00abEl Aljible\u00bb, Har\u00eda \/ Lanzarote &#8211; INDIVIDUAL<\/li>\n<\/ul>\n<p>2015<\/p>\n<ul>\n<li class=\"list\">Bodega \u00abEl Grifo\u00bb (mus\u00e9o de vino), La Geria, Lanzarote<\/li>\n<li class=\"list\">Galerie ARTENMALA, Lanzarote<\/li>\n<li class=\"list\">Alte Spinnerei, Kolbermoor, Alemania<\/li>\n<li class=\"list\">Centro C\u00edvico de Costa Teguise<\/li>\n<li class=\"list\">Galer\u00eda ARTENMALA, Lanzarote &#8211; INDIVIDUAL<\/li>\n<\/ul>\n<p>2014<\/p>\n<ul>\n<li class=\"list\">Galer\u00eda ARTENMALA, Lanzarote &#8211; INDIVIDUAL<\/li>\n<li class=\"list\">Galer\u00eda ARTENMALA, Lanzarote<\/li>\n<\/ul>\n<p>2013<\/p>\n<ul>\n<li class=\"list\">La Puerta Verde, Har\u00eda \/ Lanzarote &#8211; INDIVIDUAL<\/li>\n<li class=\"list\">Utopia, Mala, Lanzarote<\/li>\n<\/ul>\n<p>2012<\/p>\n<ul>\n<li class=\"list\">Casa de la Cultura \u00abBenito P\u00e9rez Armas\u00bb, Yaiza \/ Lanzarote<\/li>\n<li class=\"list\">Marar\u00eda, Arrecife \/ Lanzarote<\/li>\n<li class=\"list\">Sala de Expociones \u00abEl Aljible\u00bb, Har\u00eda \/ Lanzarote &#8211; INDIVIDUAL<\/li>\n<\/ul>\n<p>2011<\/p>\n<ul>\n<li class=\"list\">Casa de la Cultura \u00abBenito P\u00e9rez Armas\u00bb, Yaiza \/ Lanzarote &#8211; INDIVIDUAL<br \/>\ncon esculpturas de Marianne Davis<\/li>\n<li class=\"list\">Russen-Villa, Traunkirchen, Austria<\/li>\n<li class=\"list\">Galer\u00eda \u00abMolina\u00bb, Tiagua, Lanzarote<\/li>\n<\/ul>\n<p>2009<\/p>\n<ul>\n<li class=\"list\">Alte Saline, Hallein \/ Salzburgo, Austria<\/li>\n<\/ul>\n<h2 class=\"headline1\">Premios y Reconocimientos<\/h2>\n<ul>\n<li class=\"list\">1996: European Multimedia Award (EMMA) para el juego de ordenador \u00abVerkehrte Welt\u00bb<\/li>\n<li class=\"list\">1997: European Multimedia Award (EMMA) para el juego de ordenador \u00abSuper Toni\u00bb.<\/li>\n<li class=\"list\">2002: Publicaci\u00f3n de mi trabjo multimedial \u00ab2Tote?\u00bb para la competencia \u00abLiteratura Digital\u00bb en la antolog\u00eda \u00abLiteratur.digital. Formen und Wege einer neuen Literatur\u00bb. Editor: Roberto Simanowski. Editorial: Deutscher Taschenbuch Verlag (dtv), Munich<\/li>\n<li class=\"list\">2015: 1\u00ba premio \u00abV. Certamen de Arte Emergente\u00bb (Ayuntamiento de Teguise, Lanzarote)<\/li>\n<\/ul>\n<h2 class=\"headline1\">Actividad profesional<\/h2>\n<ul>\n<li class=\"list\">Dos a\u00f1os de programadora de textos para la publicidad y coautora de de un autor de cine y de televisi\u00f3n<\/li>\n<li class=\"list\">Tres a\u00f1os de programadora de texto en una agencia de publicidad en Munich. Despu\u00e9s de los dos primeros a\u00f1os: Ascenso a \u00abcreative director\u00bb.<\/li>\n<li class=\"list\">A partir de 1988 programadora de texto independiente<\/li>\n<li class=\"list\">1991-1992: Publicaci\u00f3n de mi serie de libros para ni\u00f1os en cuatro tomos: \u00abRobby Botter\u00bb<\/li>\n<li class=\"list\">A partir de 1991 autora y directora creativa independiente para aplicaciones multimedia y producciones en Internet<\/li>\n<li class=\"list\">A partir de 1995 trabajos art\u00edsticos independientes en el Internet<\/li>\n<li class=\"list\">Desde 2005 independiente artista en Lanzarote<\/li>\n<\/ul>\n<\/div><\/section><\/div>\n","protected":false},"excerpt":{"rendered":"","protected":false},"author":1,"featured_media":0,"parent":2325,"menu_order":2,"comment_status":"closed","ping_status":"closed","template":"","meta":{"footnotes":""},"class_list":["post-2334","page","type-page","status-publish","hentry"],"_links":{"self":[{"href":"https:\/\/romana-brunnauer.eu\/es\/wp-json\/wp\/v2\/pages\/2334","targetHints":{"allow":["GET"]}}],"collection":[{"href":"https:\/\/romana-brunnauer.eu\/es\/wp-json\/wp\/v2\/pages"}],"about":[{"href":"https:\/\/romana-brunnauer.eu\/es\/wp-json\/wp\/v2\/types\/page"}],"author":[{"embeddable":true,"href":"https:\/\/romana-brunnauer.eu\/es\/wp-json\/wp\/v2\/users\/1"}],"replies":[{"embeddable":true,"href":"https:\/\/romana-brunnauer.eu\/es\/wp-json\/wp\/v2\/comments?post=2334"}],"version-history":[{"count":29,"href":"https:\/\/romana-brunnauer.eu\/es\/wp-json\/wp\/v2\/pages\/2334\/revisions"}],"predecessor-version":[{"id":21231,"href":"https:\/\/romana-brunnauer.eu\/es\/wp-json\/wp\/v2\/pages\/2334\/revisions\/21231"}],"up":[{"embeddable":true,"href":"https:\/\/romana-brunnauer.eu\/es\/wp-json\/wp\/v2\/pages\/2325"}],"wp:attachment":[{"href":"https:\/\/romana-brunnauer.eu\/es\/wp-json\/wp\/v2\/media?parent=2334"}],"curies":[{"name":"wp","href":"https:\/\/api.w.org\/{rel}","templated":true}]}}