{"id":2383,"date":"2017-06-28T15:32:33","date_gmt":"2017-06-28T15:32:33","guid":{"rendered":"http:\/\/artist.romana-brunnauer.eu\/?page_id=2383\/"},"modified":"2020-09-29T16:05:46","modified_gmt":"2020-09-29T16:05:46","slug":"2016-2017","status":"publish","type":"page","link":"https:\/\/romana-brunnauer.eu\/es\/arte\/obras-abstractas\/2016-2017\/","title":{"rendered":"2016-2017"},"content":{"rendered":"\n<style type=\"text\/css\" data-created_by=\"avia_inline_auto\" id=\"style-css-av-19zsbj-be2e4ef5195874d7483a5e2f9f46aca7\">\n.flex_column.av-19zsbj-be2e4ef5195874d7483a5e2f9f46aca7{\nborder-radius:0px 0px 0px 0px;\npadding:0px 0px 0px 0px;\n}\n<\/style>\n<div  class='flex_column av-19zsbj-be2e4ef5195874d7483a5e2f9f46aca7 av_two_third  avia-builder-el-0  el_before_av_one_third  avia-builder-el-first  first flex_column_div av-zero-column-padding  '     ><div  id=\"av-sc-portfolio-1\"  class=\"av-portfolio-grid-sorting-container\"><div class='sort_width_container  av-sort-yes' data-portfolio-id='1' ><div id='js_sort_items' ><div class='sort_by_cat hidden'><a href=\"#\" data-filter=\"all_sort\" class=\"all_sort_button active_sort\"><span class=\"inner_sort_button\"><span>Todo<\/span><small class=\"av-cat-count\"> 3 <\/small><\/span><\/a><span class=\"text-sep recent-project-es_sort_sep\">\/<\/span><a href=\"#\" data-filter=\"recent-project-es_sort\" class=\"recent-project-es_sort_button\" ><span class=\"inner_sort_button\"><span>Recent Project<\/span><small class=\"av-cat-count\"> 3 <\/small><\/span><\/a><\/div><\/div><\/div><div  class=' grid-sort-container isotope   no_margin-container with-title-container grid-total-odd grid-col-2 grid-links-' data-portfolio-id='1'><div data-ajax-id='2285' class=' grid-entry flex_column isotope-item all_sort no_margin post-entry post-entry-2285 grid-entry-overview grid-loop-1 grid-parity-odd  paraiso-es_sort recent-project-es_sort  av_one_half first default_av_fullwidth '><article class='main_color inner-entry'  itemscope=\"itemscope\" itemtype=\"https:\/\/schema.org\/CreativeWork\" ><a href=\"https:\/\/romana-brunnauer.eu\/es\/portfolio-item\/ejemplos-el-paraiso\/\" title='Ejemplos \u201cEl Para\u00edso\u201d'  data-rel='grid-1' class='grid-image avia-hover-fx'> <img decoding=\"async\" fetchpriority=\"high\" width=\"495\" height=\"400\" src=\"https:\/\/romana-brunnauer.eu\/wp-content\/uploads\/2017\/04\/anhelo_2_059_L_112x113-495x400.jpg\" class=\"wp-image-174 avia-img-lazy-loading-not-174 attachment-portfolio size-portfolio wp-post-image\" alt=\"\" srcset=\"https:\/\/romana-brunnauer.eu\/wp-content\/uploads\/2017\/04\/anhelo_2_059_L_112x113-495x400.jpg 495w, https:\/\/romana-brunnauer.eu\/wp-content\/uploads\/2017\/04\/anhelo_2_059_L_112x113-845x684.jpg 845w\" sizes=\"(max-width: 495px) 100vw, 495px\" \/><\/a><div class='grid-content'><div class='avia-arrow'><\/div><header class=\"entry-content-header\" aria-label=\"Portfolio: Ejemplos \u201cEl Para\u00edso\u201d\"><h3 class='grid-entry-title entry-title '  itemprop=\"headline\" ><a href='https:\/\/romana-brunnauer.eu\/es\/portfolio-item\/ejemplos-el-paraiso\/' title='Ejemplos \u201cEl Para\u00edso\u201d'>Ejemplos \u201cEl Para\u00edso\u201d<\/a><\/h3><\/header><\/div><footer class=\"entry-footer\"><\/footer><\/article><\/div><div data-ajax-id='2282' class=' grid-entry flex_column isotope-item all_sort no_margin post-entry post-entry-2282 grid-entry-overview grid-loop-2 grid-parity-even  fuga-es_sort recent-project-es_sort  av_one_half  default_av_fullwidth '><article class='main_color inner-entry'  itemscope=\"itemscope\" itemtype=\"https:\/\/schema.org\/CreativeWork\" ><a href=\"https:\/\/romana-brunnauer.eu\/es\/portfolio-item\/ejemplos-la-fuga\/\" title='Ejemplos \u201cLa Fuga\u201d'  data-rel='grid-1' class='grid-image avia-hover-fx'> <img decoding=\"async\" fetchpriority=\"high\" width=\"495\" height=\"400\" src=\"https:\/\/romana-brunnauer.eu\/wp-content\/uploads\/2017\/04\/anhelo_2_065_L98x111-495x400.jpg\" class=\"wp-image-201 avia-img-lazy-loading-not-201 attachment-portfolio size-portfolio wp-post-image\" alt=\"\" srcset=\"https:\/\/romana-brunnauer.eu\/wp-content\/uploads\/2017\/04\/anhelo_2_065_L98x111-495x400.jpg 495w, https:\/\/romana-brunnauer.eu\/wp-content\/uploads\/2017\/04\/anhelo_2_065_L98x111-845x684.jpg 845w\" sizes=\"(max-width: 495px) 100vw, 495px\" \/><\/a><div class='grid-content'><div class='avia-arrow'><\/div><header class=\"entry-content-header\" aria-label=\"Portfolio: Ejemplos \u201cLa Fuga\u201d\"><h3 class='grid-entry-title entry-title '  itemprop=\"headline\" ><a href='https:\/\/romana-brunnauer.eu\/es\/portfolio-item\/ejemplos-la-fuga\/' title='Ejemplos \u201cLa Fuga\u201d'>Ejemplos \u201cLa Fuga\u201d<\/a><\/h3><\/header><\/div><footer class=\"entry-footer\"><\/footer><\/article><\/div><div data-ajax-id='2280' class=' grid-entry flex_column isotope-item all_sort no_margin post-entry post-entry-2280 grid-entry-overview grid-loop-3 grid-parity-odd  post-entry-last  realidad-es_sort recent-project-es_sort  av_one_half first default_av_fullwidth '><article class='main_color inner-entry'  itemscope=\"itemscope\" itemtype=\"https:\/\/schema.org\/CreativeWork\" ><a href=\"https:\/\/romana-brunnauer.eu\/es\/portfolio-item\/ejemplos-la-realidad\/\" title='Ejemplos \u201cLa Realidad\u201d'  data-rel='grid-1' class='grid-image avia-hover-fx'> <img decoding=\"async\" fetchpriority=\"high\" width=\"495\" height=\"400\" src=\"https:\/\/romana-brunnauer.eu\/wp-content\/uploads\/2017\/04\/anhelo_2_053_L_111x113-1-495x400.jpg\" class=\"wp-image-186 avia-img-lazy-loading-not-186 attachment-portfolio size-portfolio wp-post-image\" alt=\"\" srcset=\"https:\/\/romana-brunnauer.eu\/wp-content\/uploads\/2017\/04\/anhelo_2_053_L_111x113-1-495x400.jpg 495w, https:\/\/romana-brunnauer.eu\/wp-content\/uploads\/2017\/04\/anhelo_2_053_L_111x113-1-845x684.jpg 845w\" sizes=\"(max-width: 495px) 100vw, 495px\" \/><\/a><div class='grid-content'><div class='avia-arrow'><\/div><header class=\"entry-content-header\" aria-label=\"Portfolio: Ejemplos \u201cLa Realidad\u201d\"><h3 class='grid-entry-title entry-title '  itemprop=\"headline\" ><a href='https:\/\/romana-brunnauer.eu\/es\/portfolio-item\/ejemplos-la-realidad\/' title='Ejemplos \u201cLa Realidad\u201d'>Ejemplos \u201cLa Realidad\u201d<\/a><\/h3><\/header><\/div><footer class=\"entry-footer\"><\/footer><\/article><\/div><\/div><\/div>   <!--   class=\"av-portfolio-grid-sorting-container\"  --><\/div>\n\n<style type=\"text\/css\" data-created_by=\"avia_inline_auto\" id=\"style-css-av-9j6in3-7a6521dbbc6900a89d683c34960733bf\">\n.flex_column.av-9j6in3-7a6521dbbc6900a89d683c34960733bf{\nborder-radius:0px 0px 0px 0px;\npadding:0px 0px 0px 0px;\n}\n<\/style>\n<div  class='flex_column av-9j6in3-7a6521dbbc6900a89d683c34960733bf av_one_third  avia-builder-el-2  el_after_av_two_third  avia-builder-el-last  flex_column_div av-zero-column-padding  '     ><p>\n<style type=\"text\/css\" data-created_by=\"avia_inline_auto\" id=\"style-css-av-74n5v3-18b726b26ee00ce5929abfa40113ca86\">\n#top .hr.hr-invisible.av-74n5v3-18b726b26ee00ce5929abfa40113ca86{\nheight:24px;\n}\n<\/style>\n<div  class='hr av-74n5v3-18b726b26ee00ce5929abfa40113ca86 hr-invisible  avia-builder-el-3  el_before_av_textblock  avia-builder-el-first '><span class='hr-inner '><span class=\"hr-inner-style\"><\/span><\/span><\/div><br \/>\n<section  class='av_textblock_section av-65rdj3-31e3290fa89246dfd7e87635d4fb7336 '   itemscope=\"itemscope\" itemtype=\"https:\/\/schema.org\/CreativeWork\" ><div class='avia_textblock'  itemprop=\"text\" ><h3 class=\"western\" data-fontsize=\"22\" data-lineheight=\"42\">ANHELO Parte 2<\/h3>\n<p class=\"western\"><span lang=\"es-ES\">Desde septiembre de 2016 estoy trabajando en la segunda parte del proyecto ANHELO. La primera parte de ANHELO fue mostrada en la galer\u00eda ARTENMALA (Lanzarote) de mayo a julio de 2016. <\/span><\/p>\n<p class=\"western\"><span lang=\"es-ES\">En el nuevo ciclo ANHELO [2] profundizo m\u00e1s en la idea del sujeto que desea escapar de la realidad y, como resultado de este anhelo, ans\u00eda para\u00edsos lejanos o idealiza y glorifica lo real. Tanto con la idealizaci\u00f3n como en la b\u00fasqueda de para\u00edsos, el sujeto se fuga, huye de lo real.<\/span><\/p>\n<p class=\"western\" lang=\"es-ES\">Hasta ahora el segundo ciclo de ANHELO no ha sido publicado y contiene alrededor de 50 obras. Pero este ciclo no termina con estas obras, todav\u00eda hay algunas facetas en las que trabajar\u00e9.<\/p>\n<\/div><\/section><br \/>\n<div  class='togglecontainer av-3i9ntb-82f5acc9849410b143996986243d8f0c  avia-builder-el-5  el_after_av_textblock  avia-builder-el-last  toggle_close_all' >\n<section class='av_toggle_section av-2wzexr-8f99840786ff426f2238d5d17c10b27a'  itemscope=\"itemscope\" itemtype=\"https:\/\/schema.org\/CreativeWork\" ><div role=\"tablist\" class=\"single_toggle\" data-tags=\"{Todo} \"  ><p id='toggle-toggle-id-1' data-fake-id='#toggle-id-1' class='toggler  av-title-above '  itemprop=\"headline\"  role='tab' tabindex='0' aria-controls='toggle-id-1' data-slide-speed=\"200\" data-title=\"Descripci\u00f3n del proyecto ANHELO \" data-title-open=\"\" data-aria_collapsed=\"Click to expand: Descripci\u00f3n del proyecto ANHELO \" data-aria_expanded=\"Click to collapse: Descripci\u00f3n del proyecto ANHELO \">Descripci\u00f3n del proyecto ANHELO <span class=\"toggle_icon\"><span class=\"vert_icon\"><\/span><span class=\"hor_icon\"><\/span><\/span><\/p><div id='toggle-id-1' aria-labelledby='toggle-toggle-id-1' role='region' class='toggle_wrap  av-title-above'  ><div class='toggle_content invers-color '  itemprop=\"text\" ><p>En su nuevo ciclo pict\u00f3rico \u00abinexpresado# ANHELO\u00bb la artista Romana G. Brunnauer se ha dejado inspirar en las personas que encuentra en las redes sociales. Le interesa especialmente aquello que no se dice.<\/p>\n<p>Su tesis:<br \/>\nA menudo tras mensajes privados hay anhelos no expresados. Algunos sue\u00f1an con un lugar paradis\u00edaco, otros a\u00f1oran un tiempo pasado o futuro, y muchos ven realizada su vida en un amor idealizado. Todos tienen en com\u00fan que el objeto de su anhelo se sumerge en colores brillantes y sigue siendo inaccesible en \u00faltima instancia. En estas circunstancias, la realidad profana se desvanece y aparece m\u00e1s bien gris.<\/p>\n<p>Del an\u00e1lisis y tratamiento art\u00edstico de esta tesis surgi\u00f3 un nuevo concepto de color. Este tiene su origen en la reducci\u00f3n a los colores b\u00e1sicos, como los utilizados por las impresoras dom\u00e9sticas: azul (cian), amarillo primario, magenta, blanco y negro. Los colores corresponden a los objetos del concepto \u00abanhelo\u00bb: el para\u00edso lejano, pasado o futuro y el amor idealizado. El blanco y el negro, en escala de grises, indican la realidad presente.<\/p>\n<p>La artista pinta exclusivamente con estos colores y los coloca en capas. Su superposici\u00f3n tiene como resultado una nueva gama de colores. Como contrapunto, presenta obras que reducen solo al negro y blanco aquello que se vive como el presente gris.<\/p>\n<p>Con las obras reciente no queda a\u00fan cerrado el proyecto ANHELO. La artista sigue trabajando en otras facetas de contenido y en su traslaci\u00f3n visual.<\/p>\n<\/div><\/div><\/div><\/section>\n<\/div><\/p><\/div>\n","protected":false},"excerpt":{"rendered":"","protected":false},"author":1,"featured_media":0,"parent":2358,"menu_order":3,"comment_status":"closed","ping_status":"closed","template":"","meta":{"footnotes":""},"class_list":["post-2383","page","type-page","status-publish","hentry"],"_links":{"self":[{"href":"https:\/\/romana-brunnauer.eu\/es\/wp-json\/wp\/v2\/pages\/2383","targetHints":{"allow":["GET"]}}],"collection":[{"href":"https:\/\/romana-brunnauer.eu\/es\/wp-json\/wp\/v2\/pages"}],"about":[{"href":"https:\/\/romana-brunnauer.eu\/es\/wp-json\/wp\/v2\/types\/page"}],"author":[{"embeddable":true,"href":"https:\/\/romana-brunnauer.eu\/es\/wp-json\/wp\/v2\/users\/1"}],"replies":[{"embeddable":true,"href":"https:\/\/romana-brunnauer.eu\/es\/wp-json\/wp\/v2\/comments?post=2383"}],"version-history":[{"count":6,"href":"https:\/\/romana-brunnauer.eu\/es\/wp-json\/wp\/v2\/pages\/2383\/revisions"}],"predecessor-version":[{"id":5957,"href":"https:\/\/romana-brunnauer.eu\/es\/wp-json\/wp\/v2\/pages\/2383\/revisions\/5957"}],"up":[{"embeddable":true,"href":"https:\/\/romana-brunnauer.eu\/es\/wp-json\/wp\/v2\/pages\/2358"}],"wp:attachment":[{"href":"https:\/\/romana-brunnauer.eu\/es\/wp-json\/wp\/v2\/media?parent=2383"}],"curies":[{"name":"wp","href":"https:\/\/api.w.org\/{rel}","templated":true}]}}