{"id":2397,"date":"2017-06-28T15:50:10","date_gmt":"2017-06-28T15:50:10","guid":{"rendered":"http:\/\/artist.romana-brunnauer.eu\/?page_id=2397\/"},"modified":"2017-06-28T15:50:10","modified_gmt":"2017-06-28T15:50:10","slug":"catalogos","status":"publish","type":"page","link":"https:\/\/romana-brunnauer.eu\/es\/catalogos\/","title":{"rendered":"Cat\u00e1logos"},"content":{"rendered":"\n<style type=\"text\/css\" data-created_by=\"avia_inline_auto\" id=\"style-css-av-av_one_third-3cf960a39ddb3a1b178d2d056d8b04d5\">\n.flex_column.av-av_one_third-3cf960a39ddb3a1b178d2d056d8b04d5{\nborder-width:1px;\nborder-style:solid;\nborder-radius:0px 0px 0px 0px;\npadding:0px 0px 0px 0px;\n}\n<\/style>\n<div  class='flex_column av-av_one_third-3cf960a39ddb3a1b178d2d056d8b04d5 av_one_third  avia-builder-el-0  el_before_av_one_third  avia-builder-el-first  first flex_column_div av-zero-column-padding  '     ><style type=\"text\/css\" data-created_by=\"avia_inline_auto\" id=\"style-css-av-av_image-65b595cc3da9be33efd2c4d7948654d0\">\n.avia-image-container.av-av_image-65b595cc3da9be33efd2c4d7948654d0 img.avia_image{\nbox-shadow:none;\n}\n.avia-image-container.av-av_image-65b595cc3da9be33efd2c4d7948654d0 .av-image-caption-overlay-center{\ncolor:#ffffff;\n}\n<\/style>\n<div  class='avia-image-container av-av_image-65b595cc3da9be33efd2c4d7948654d0 av-styling- av-img-linked avia-align-center  avia-builder-el-1  avia-builder-el-no-sibling '   itemprop=\"image\" itemscope=\"itemscope\" itemtype=\"https:\/\/schema.org\/ImageObject\" ><div class=\"avia-image-container-inner\"><div class=\"avia-image-overlay-wrap\"><a href=\"http:\/\/www.romana-brunnauer.de\/downloads\/katalog-anhelo-inexpresadao.pdf\" class='avia_image ' target=\"_blank\" rel=\"noopener noreferrer\" aria-label='katalog_anhelo_inexpresado_titelseite-1200x1697'><img decoding=\"async\" fetchpriority=\"high\" class='wp-image-567 avia-img-lazy-loading-not-567 avia_image ' src=\"https:\/\/romana-brunnauer.eu\/wp-content\/uploads\/2017\/04\/katalog_anhelo_inexpresado_titelseite-1200x1697-1.jpg\" alt='' title='katalog_anhelo_inexpresado_titelseite-1200x1697'  height=\"1697\" width=\"1200\"  itemprop=\"thumbnailUrl\" srcset=\"https:\/\/romana-brunnauer.eu\/wp-content\/uploads\/2017\/04\/katalog_anhelo_inexpresado_titelseite-1200x1697-1.jpg 1200w, https:\/\/romana-brunnauer.eu\/wp-content\/uploads\/2017\/04\/katalog_anhelo_inexpresado_titelseite-1200x1697-1-212x300.jpg 212w, https:\/\/romana-brunnauer.eu\/wp-content\/uploads\/2017\/04\/katalog_anhelo_inexpresado_titelseite-1200x1697-1-768x1086.jpg 768w, https:\/\/romana-brunnauer.eu\/wp-content\/uploads\/2017\/04\/katalog_anhelo_inexpresado_titelseite-1200x1697-1-728x1030.jpg 728w, https:\/\/romana-brunnauer.eu\/wp-content\/uploads\/2017\/04\/katalog_anhelo_inexpresado_titelseite-1200x1697-1-1061x1500.jpg 1061w, https:\/\/romana-brunnauer.eu\/wp-content\/uploads\/2017\/04\/katalog_anhelo_inexpresado_titelseite-1200x1697-1-499x705.jpg 499w, https:\/\/romana-brunnauer.eu\/wp-content\/uploads\/2017\/04\/katalog_anhelo_inexpresado_titelseite-1200x1697-1-450x636.jpg 450w\" sizes=\"(max-width: 1200px) 100vw, 1200px\" \/><\/a><\/div><\/div><\/div><\/div>\n\n<style type=\"text\/css\" data-created_by=\"avia_inline_auto\" id=\"style-css-av-av_one_third-2b9bdd33ddb6c0fe226351afbdfde657\">\n.flex_column.av-av_one_third-2b9bdd33ddb6c0fe226351afbdfde657{\nborder-width:1px;\nborder-style:solid;\nborder-radius:0px 0px 0px 0px;\npadding:0px 0px 0px 0px;\n}\n<\/style>\n<div  class='flex_column av-av_one_third-2b9bdd33ddb6c0fe226351afbdfde657 av_one_third  avia-builder-el-2  el_after_av_one_third  el_before_av_one_third  flex_column_div av-zero-column-padding  '     ><style type=\"text\/css\" data-created_by=\"avia_inline_auto\" id=\"style-css-av-av_image-baabf89f08b1a52e7e7c4d2e663f8c4f\">\n.avia-image-container.av-av_image-baabf89f08b1a52e7e7c4d2e663f8c4f img.avia_image{\nbox-shadow:none;\n}\n.avia-image-container.av-av_image-baabf89f08b1a52e7e7c4d2e663f8c4f .av-image-caption-overlay-center{\ncolor:#ffffff;\n}\n<\/style>\n<div  class='avia-image-container av-av_image-baabf89f08b1a52e7e7c4d2e663f8c4f av-styling- av-img-linked avia-align-center  avia-builder-el-3  avia-builder-el-no-sibling '   itemprop=\"image\" itemscope=\"itemscope\" itemtype=\"https:\/\/schema.org\/ImageObject\" ><div class=\"avia-image-container-inner\"><div class=\"avia-image-overlay-wrap\"><a href=\"http:\/\/www.romana-brunnauer.de\/downloads\/katalog-amiga.pdf\" class='avia_image ' target=\"_blank\" rel=\"noopener noreferrer\" aria-label='katalog_amiga-titelseite'><img decoding=\"async\" fetchpriority=\"high\" class='wp-image-564 avia-img-lazy-loading-not-564 avia_image ' src=\"https:\/\/romana-brunnauer.eu\/wp-content\/uploads\/2017\/04\/katalog_amiga-titelseite-1.jpg\" alt='' title='katalog_amiga-titelseite'  height=\"1752\" width=\"1240\"  itemprop=\"thumbnailUrl\" srcset=\"https:\/\/romana-brunnauer.eu\/wp-content\/uploads\/2017\/04\/katalog_amiga-titelseite-1.jpg 1240w, https:\/\/romana-brunnauer.eu\/wp-content\/uploads\/2017\/04\/katalog_amiga-titelseite-1-212x300.jpg 212w, https:\/\/romana-brunnauer.eu\/wp-content\/uploads\/2017\/04\/katalog_amiga-titelseite-1-768x1085.jpg 768w, https:\/\/romana-brunnauer.eu\/wp-content\/uploads\/2017\/04\/katalog_amiga-titelseite-1-729x1030.jpg 729w, https:\/\/romana-brunnauer.eu\/wp-content\/uploads\/2017\/04\/katalog_amiga-titelseite-1-1062x1500.jpg 1062w, https:\/\/romana-brunnauer.eu\/wp-content\/uploads\/2017\/04\/katalog_amiga-titelseite-1-499x705.jpg 499w, https:\/\/romana-brunnauer.eu\/wp-content\/uploads\/2017\/04\/katalog_amiga-titelseite-1-450x636.jpg 450w\" sizes=\"(max-width: 1240px) 100vw, 1240px\" \/><\/a><\/div><\/div><\/div><\/div>\n\n<style type=\"text\/css\" data-created_by=\"avia_inline_auto\" id=\"style-css-av-av_one_third-0aa7055fe62c3622faec82866afbaeb2\">\n.flex_column.av-av_one_third-0aa7055fe62c3622faec82866afbaeb2{\nborder-radius:0px 0px 0px 0px;\npadding:0px 0px 0px 0px;\n}\n<\/style>\n<div  class='flex_column av-av_one_third-0aa7055fe62c3622faec82866afbaeb2 av_one_third  avia-builder-el-4  el_after_av_one_third  el_before_av_one_third  flex_column_div av-zero-column-padding  '     ><section  class='av_textblock_section av-av_textblock-396ddf1f42196ca838231e61a4602801 '   itemscope=\"itemscope\" itemtype=\"https:\/\/schema.org\/CreativeWork\" ><div class='avia_textblock'  itemprop=\"text\" ><p><span id=\"result_box\" class=\"\" lang=\"es\"><span class=\"\">Echa un vistazo a las obras publicadas de mis series desde 2010. Cada cat\u00e1logo contiene una descripci\u00f3n de la serie e informaci\u00f3n detallada de las pinturas como un archivo PDF.<\/span><\/span><\/p>\n<\/div><\/section><\/div>\n<style type=\"text\/css\" data-created_by=\"avia_inline_auto\" id=\"style-css-av-av_one_third-3cf960a39ddb3a1b178d2d056d8b04d5\">\n.flex_column.av-av_one_third-3cf960a39ddb3a1b178d2d056d8b04d5{\nborder-width:1px;\nborder-style:solid;\nborder-radius:0px 0px 0px 0px;\npadding:0px 0px 0px 0px;\n}\n<\/style>\n<div  class='flex_column av-av_one_third-3cf960a39ddb3a1b178d2d056d8b04d5 av_one_third  avia-builder-el-6  el_after_av_one_third  el_before_av_one_third  first flex_column_div av-zero-column-padding  column-top-margin'     ><style type=\"text\/css\" data-created_by=\"avia_inline_auto\" id=\"style-css-av-av_image-2ff26f3290587b06cdc281b272b14812\">\n.avia-image-container.av-av_image-2ff26f3290587b06cdc281b272b14812 img.avia_image{\nbox-shadow:none;\n}\n.avia-image-container.av-av_image-2ff26f3290587b06cdc281b272b14812 .av-image-caption-overlay-center{\ncolor:#ffffff;\n}\n<\/style>\n<div  class='avia-image-container av-av_image-2ff26f3290587b06cdc281b272b14812 av-styling- av-img-linked avia-align-center  avia-builder-el-7  avia-builder-el-no-sibling '   itemprop=\"image\" itemscope=\"itemscope\" itemtype=\"https:\/\/schema.org\/ImageObject\" ><div class=\"avia-image-container-inner\"><div class=\"avia-image-overlay-wrap\"><a href=\"http:\/\/www.romana-brunnauer.de\/downloads\/katalog-knocking-2011-2012.pdf\" class='avia_image ' target=\"_blank\" rel=\"noopener noreferrer\" aria-label='Titelseite-katalog_knocking_2011_2012'><img decoding=\"async\" fetchpriority=\"high\" class='wp-image-573 avia-img-lazy-loading-not-573 avia_image ' src=\"https:\/\/romana-brunnauer.eu\/wp-content\/uploads\/2017\/04\/Titelseite-katalog_knocking_2011_2012-1.jpg\" alt='' title='Titelseite-katalog_knocking_2011_2012'  height=\"1752\" width=\"1240\"  itemprop=\"thumbnailUrl\" srcset=\"https:\/\/romana-brunnauer.eu\/wp-content\/uploads\/2017\/04\/Titelseite-katalog_knocking_2011_2012-1.jpg 1240w, https:\/\/romana-brunnauer.eu\/wp-content\/uploads\/2017\/04\/Titelseite-katalog_knocking_2011_2012-1-212x300.jpg 212w, https:\/\/romana-brunnauer.eu\/wp-content\/uploads\/2017\/04\/Titelseite-katalog_knocking_2011_2012-1-768x1085.jpg 768w, https:\/\/romana-brunnauer.eu\/wp-content\/uploads\/2017\/04\/Titelseite-katalog_knocking_2011_2012-1-729x1030.jpg 729w, https:\/\/romana-brunnauer.eu\/wp-content\/uploads\/2017\/04\/Titelseite-katalog_knocking_2011_2012-1-1062x1500.jpg 1062w, https:\/\/romana-brunnauer.eu\/wp-content\/uploads\/2017\/04\/Titelseite-katalog_knocking_2011_2012-1-499x705.jpg 499w, https:\/\/romana-brunnauer.eu\/wp-content\/uploads\/2017\/04\/Titelseite-katalog_knocking_2011_2012-1-450x636.jpg 450w\" sizes=\"(max-width: 1240px) 100vw, 1240px\" \/><\/a><\/div><\/div><\/div><\/div><\/p>\n\n<style type=\"text\/css\" data-created_by=\"avia_inline_auto\" id=\"style-css-av-av_one_third-2b9bdd33ddb6c0fe226351afbdfde657\">\n.flex_column.av-av_one_third-2b9bdd33ddb6c0fe226351afbdfde657{\nborder-width:1px;\nborder-style:solid;\nborder-radius:0px 0px 0px 0px;\npadding:0px 0px 0px 0px;\n}\n<\/style>\n<div  class='flex_column av-av_one_third-2b9bdd33ddb6c0fe226351afbdfde657 av_one_third  avia-builder-el-8  el_after_av_one_third  el_before_av_one_third  flex_column_div av-zero-column-padding  column-top-margin'     ><style type=\"text\/css\" data-created_by=\"avia_inline_auto\" id=\"style-css-av-av_image-a3ccad89c25f0f1d196454e436d4346d\">\n.avia-image-container.av-av_image-a3ccad89c25f0f1d196454e436d4346d img.avia_image{\nbox-shadow:none;\n}\n.avia-image-container.av-av_image-a3ccad89c25f0f1d196454e436d4346d .av-image-caption-overlay-center{\ncolor:#ffffff;\n}\n<\/style>\n<div  class='avia-image-container av-av_image-a3ccad89c25f0f1d196454e436d4346d av-styling- av-img-linked avia-align-center  avia-builder-el-9  avia-builder-el-no-sibling '   itemprop=\"image\" itemscope=\"itemscope\" itemtype=\"https:\/\/schema.org\/ImageObject\" ><div class=\"avia-image-container-inner\"><div class=\"avia-image-overlay-wrap\"><a href=\"http:\/\/www.romana-brunnauer.de\/downloads\/katalog-replay-2011.pdf\" class='avia_image ' target=\"_blank\" rel=\"noopener noreferrer\" aria-label='katalog_replay_2011_2012_titelseite-1'><img decoding=\"async\" fetchpriority=\"high\" class='wp-image-570 avia-img-lazy-loading-not-570 avia_image ' src=\"https:\/\/romana-brunnauer.eu\/wp-content\/uploads\/2017\/04\/katalog_replay_2011_2012_titelseite-1-1.jpg\" alt='' title='katalog_replay_2011_2012_titelseite-1'  height=\"1752\" width=\"1240\"  itemprop=\"thumbnailUrl\" srcset=\"https:\/\/romana-brunnauer.eu\/wp-content\/uploads\/2017\/04\/katalog_replay_2011_2012_titelseite-1-1.jpg 1240w, https:\/\/romana-brunnauer.eu\/wp-content\/uploads\/2017\/04\/katalog_replay_2011_2012_titelseite-1-1-212x300.jpg 212w, https:\/\/romana-brunnauer.eu\/wp-content\/uploads\/2017\/04\/katalog_replay_2011_2012_titelseite-1-1-768x1085.jpg 768w, https:\/\/romana-brunnauer.eu\/wp-content\/uploads\/2017\/04\/katalog_replay_2011_2012_titelseite-1-1-729x1030.jpg 729w, https:\/\/romana-brunnauer.eu\/wp-content\/uploads\/2017\/04\/katalog_replay_2011_2012_titelseite-1-1-1062x1500.jpg 1062w, https:\/\/romana-brunnauer.eu\/wp-content\/uploads\/2017\/04\/katalog_replay_2011_2012_titelseite-1-1-499x705.jpg 499w, https:\/\/romana-brunnauer.eu\/wp-content\/uploads\/2017\/04\/katalog_replay_2011_2012_titelseite-1-1-450x636.jpg 450w\" sizes=\"(max-width: 1240px) 100vw, 1240px\" \/><\/a><\/div><\/div><\/div><\/div>\n\n<style type=\"text\/css\" data-created_by=\"avia_inline_auto\" id=\"style-css-av-av_one_third-531d5d4d3d3a74d4c56d8363993d8877\">\n.flex_column.av-av_one_third-531d5d4d3d3a74d4c56d8363993d8877{\nborder-radius:0px 0px 0px 0px;\npadding:0px 0px 0px 0px;\n}\n<\/style>\n<div  class='flex_column av-av_one_third-531d5d4d3d3a74d4c56d8363993d8877 av_one_third  avia-builder-el-10  el_after_av_one_third  el_before_av_one_third  flex_column_div av-zero-column-padding  column-top-margin'     ><\/div>\n\n<style type=\"text\/css\" data-created_by=\"avia_inline_auto\" id=\"style-css-av-av_one_third-3cf960a39ddb3a1b178d2d056d8b04d5\">\n.flex_column.av-av_one_third-3cf960a39ddb3a1b178d2d056d8b04d5{\nborder-width:1px;\nborder-style:solid;\nborder-radius:0px 0px 0px 0px;\npadding:0px 0px 0px 0px;\n}\n<\/style>\n<div  class='flex_column av-av_one_third-3cf960a39ddb3a1b178d2d056d8b04d5 av_one_third  avia-builder-el-11  el_after_av_one_third  el_before_av_one_third  first flex_column_div av-zero-column-padding  column-top-margin'     ><style type=\"text\/css\" data-created_by=\"avia_inline_auto\" id=\"style-css-av-av_image-71b954c957c85806059b236a0bbe4183\">\n.avia-image-container.av-av_image-71b954c957c85806059b236a0bbe4183 img.avia_image{\nbox-shadow:none;\n}\n.avia-image-container.av-av_image-71b954c957c85806059b236a0bbe4183 .av-image-caption-overlay-center{\ncolor:#ffffff;\n}\n<\/style>\n<div  class='avia-image-container av-av_image-71b954c957c85806059b236a0bbe4183 av-styling- av-img-linked avia-align-center  avia-builder-el-12  avia-builder-el-no-sibling '   itemprop=\"image\" itemscope=\"itemscope\" itemtype=\"https:\/\/schema.org\/ImageObject\" ><div class=\"avia-image-container-inner\"><div class=\"avia-image-overlay-wrap\"><a href=\"http:\/\/www.romana-brunnauer.de\/downloads\/katalog-2010-2011.pdf\" class='avia_image ' target=\"_blank\" rel=\"noopener noreferrer\" aria-label='katalog_2010-2011-titelseite'><img decoding=\"async\" fetchpriority=\"high\" class='wp-image-561 avia-img-lazy-loading-not-561 avia_image ' src=\"https:\/\/romana-brunnauer.eu\/wp-content\/uploads\/2017\/04\/katalog_2010-2011-titelseite-1.jpg\" alt='' title='katalog_2010-2011-titelseite'  height=\"1606\" width=\"1092\"  itemprop=\"thumbnailUrl\" srcset=\"https:\/\/romana-brunnauer.eu\/wp-content\/uploads\/2017\/04\/katalog_2010-2011-titelseite-1.jpg 1092w, https:\/\/romana-brunnauer.eu\/wp-content\/uploads\/2017\/04\/katalog_2010-2011-titelseite-1-204x300.jpg 204w, https:\/\/romana-brunnauer.eu\/wp-content\/uploads\/2017\/04\/katalog_2010-2011-titelseite-1-768x1129.jpg 768w, https:\/\/romana-brunnauer.eu\/wp-content\/uploads\/2017\/04\/katalog_2010-2011-titelseite-1-700x1030.jpg 700w, https:\/\/romana-brunnauer.eu\/wp-content\/uploads\/2017\/04\/katalog_2010-2011-titelseite-1-1020x1500.jpg 1020w, https:\/\/romana-brunnauer.eu\/wp-content\/uploads\/2017\/04\/katalog_2010-2011-titelseite-1-479x705.jpg 479w, https:\/\/romana-brunnauer.eu\/wp-content\/uploads\/2017\/04\/katalog_2010-2011-titelseite-1-450x662.jpg 450w\" sizes=\"(max-width: 1092px) 100vw, 1092px\" \/><\/a><\/div><\/div><\/div><\/div>\n\n<style type=\"text\/css\" data-created_by=\"avia_inline_auto\" id=\"style-css-av-av_one_third-531d5d4d3d3a74d4c56d8363993d8877\">\n.flex_column.av-av_one_third-531d5d4d3d3a74d4c56d8363993d8877{\nborder-radius:0px 0px 0px 0px;\npadding:0px 0px 0px 0px;\n}\n<\/style>\n<div  class='flex_column av-av_one_third-531d5d4d3d3a74d4c56d8363993d8877 av_one_third  avia-builder-el-13  el_after_av_one_third  el_before_av_one_third  flex_column_div av-zero-column-padding  column-top-margin'     ><\/div>\n\n<style type=\"text\/css\" data-created_by=\"avia_inline_auto\" id=\"style-css-av-av_one_third-531d5d4d3d3a74d4c56d8363993d8877\">\n.flex_column.av-av_one_third-531d5d4d3d3a74d4c56d8363993d8877{\nborder-radius:0px 0px 0px 0px;\npadding:0px 0px 0px 0px;\n}\n<\/style>\n<div  class='flex_column av-av_one_third-531d5d4d3d3a74d4c56d8363993d8877 av_one_third  avia-builder-el-14  el_after_av_one_third  avia-builder-el-last  flex_column_div av-zero-column-padding  column-top-margin'     ><\/div>\n","protected":false},"excerpt":{"rendered":"","protected":false},"author":1,"featured_media":0,"parent":0,"menu_order":1,"comment_status":"closed","ping_status":"closed","template":"","meta":{"footnotes":""},"class_list":["post-2397","page","type-page","status-publish","hentry"],"_links":{"self":[{"href":"https:\/\/romana-brunnauer.eu\/es\/wp-json\/wp\/v2\/pages\/2397","targetHints":{"allow":["GET"]}}],"collection":[{"href":"https:\/\/romana-brunnauer.eu\/es\/wp-json\/wp\/v2\/pages"}],"about":[{"href":"https:\/\/romana-brunnauer.eu\/es\/wp-json\/wp\/v2\/types\/page"}],"author":[{"embeddable":true,"href":"https:\/\/romana-brunnauer.eu\/es\/wp-json\/wp\/v2\/users\/1"}],"replies":[{"embeddable":true,"href":"https:\/\/romana-brunnauer.eu\/es\/wp-json\/wp\/v2\/comments?post=2397"}],"version-history":[{"count":2,"href":"https:\/\/romana-brunnauer.eu\/es\/wp-json\/wp\/v2\/pages\/2397\/revisions"}],"predecessor-version":[{"id":2399,"href":"https:\/\/romana-brunnauer.eu\/es\/wp-json\/wp\/v2\/pages\/2397\/revisions\/2399"}],"wp:attachment":[{"href":"https:\/\/romana-brunnauer.eu\/es\/wp-json\/wp\/v2\/media?parent=2397"}],"curies":[{"name":"wp","href":"https:\/\/api.w.org\/{rel}","templated":true}]}}