{"id":2408,"date":"2017-06-28T16:06:53","date_gmt":"2017-06-28T16:06:53","guid":{"rendered":"http:\/\/artist.romana-brunnauer.eu\/?page_id=2408\/"},"modified":"2022-12-21T16:54:23","modified_gmt":"2022-12-21T16:54:23","slug":"en-el-taller","status":"publish","type":"page","link":"https:\/\/romana-brunnauer.eu\/es\/arte\/en-el-taller\/","title":{"rendered":"En el taller"},"content":{"rendered":"\n<style type=\"text\/css\" data-created_by=\"avia_inline_auto\" id=\"style-css-av-hoiczc-0617890aff26ba7225626401f4666ad6\">\n.flex_column.av-hoiczc-0617890aff26ba7225626401f4666ad6{\nborder-radius:0px 0px 0px 0px;\npadding:0px 0px 0px 0px;\n}\n<\/style>\n<div  class='flex_column av-hoiczc-0617890aff26ba7225626401f4666ad6 av_one_third  avia-builder-el-0  el_before_av_one_third  avia-builder-el-first  first flex_column_div av-zero-column-padding  '     ><section  class='av_textblock_section av-gdwjqw-76dce45b3429162b271444a0d00e014a '   itemscope=\"itemscope\" itemtype=\"https:\/\/schema.org\/CreativeWork\" ><div class='avia_textblock'  itemprop=\"text\" ><h3>Videos<\/h3>\n<\/div><\/section><br \/>\n<div  id=\"av-sc-portfolio-1\"  class=\"av-portfolio-grid-sorting-container\"><div class='sort_width_container  av-sort-yes' data-portfolio-id='1' ><div id='js_sort_items' ><div class='sort_by_cat hidden'><a href=\"#\" data-filter=\"all_sort\" class=\"all_sort_button active_sort\"><span class=\"inner_sort_button\"><span>Todo<\/span><small class=\"av-cat-count\"> 2 <\/small><\/span><\/a><span class=\"text-sep studio-videos-es_sort_sep\">\/<\/span><a href=\"#\" data-filter=\"studio-videos-es_sort\" class=\"studio-videos-es_sort_button\" ><span class=\"inner_sort_button\"><span>In the studio: Videos<\/span><small class=\"av-cat-count\"> 2 <\/small><\/span><\/a><\/div><\/div><\/div><div  class=' grid-sort-container isotope   no_margin-container with-excerpt-container grid-total-even grid-col-1 grid-links-' data-portfolio-id='1'><div data-ajax-id='2278' class=' grid-entry flex_column isotope-item all_sort no_margin post-entry post-entry-2278 grid-entry-overview grid-loop-1 grid-parity-odd  in-the-studio-es_sort studio-videos-es_sort  av_fullwidth first default_av_fullwidth '><article class='main_color inner-entry'  itemscope=\"itemscope\" itemtype=\"https:\/\/schema.org\/CreativeWork\" ><a href=\"https:\/\/romana-brunnauer.eu\/es\/portfolio-item\/video-layering-capas\/\" title='Video \u00abLayering\u00bb (Capas)'  data-rel='grid-1' class='grid-image avia-hover-fx'> <img decoding=\"async\" fetchpriority=\"high\" width=\"783\" height=\"430\" src=\"https:\/\/romana-brunnauer.eu\/wp-content\/uploads\/2017\/04\/video-layering-1-783x430.jpg\" class=\"wp-image-644 avia-img-lazy-loading-not-644 attachment-featured size-featured wp-post-image\" alt=\"\" \/><\/a><div class='grid-content'><div class='avia-arrow'><\/div><header class=\"entry-content-header\" aria-label=\"Portfolio: Video \u00abLayering\u00bb (Capas)\"><h3 class='grid-entry-title entry-title '  itemprop=\"headline\" ><a href='https:\/\/romana-brunnauer.eu\/es\/portfolio-item\/video-layering-capas\/' title='Video \u00abLayering\u00bb (Capas)'>Video \u00abLayering\u00bb (Capas)<\/a><\/h3><\/header><\/div><footer class=\"entry-footer\"><\/footer><\/article><\/div><div data-ajax-id='2276' class=' grid-entry flex_column isotope-item all_sort no_margin post-entry post-entry-2276 grid-entry-overview grid-loop-2 grid-parity-even  post-entry-last  in-the-studio-es_sort studio-videos-es_sort  av_fullwidth first default_av_fullwidth '><article class='main_color inner-entry'  itemscope=\"itemscope\" itemtype=\"https:\/\/schema.org\/CreativeWork\" ><a href=\"https:\/\/romana-brunnauer.eu\/es\/portfolio-item\/mi-taller-enero-2017\/\" title='Mi taller &#8211; Enero 2017'  data-rel='grid-1' class='grid-image avia-hover-fx'> <img decoding=\"async\" fetchpriority=\"high\" width=\"783\" height=\"430\" src=\"https:\/\/romana-brunnauer.eu\/wp-content\/uploads\/2017\/04\/video-studio-1-783x430.jpg\" class=\"wp-image-647 avia-img-lazy-loading-not-647 attachment-featured size-featured wp-post-image\" alt=\"\" \/><\/a><div class='grid-content'><div class='avia-arrow'><\/div><header class=\"entry-content-header\" aria-label=\"Portfolio: Mi taller &#8211; Enero 2017\"><h3 class='grid-entry-title entry-title '  itemprop=\"headline\" ><a href='https:\/\/romana-brunnauer.eu\/es\/portfolio-item\/mi-taller-enero-2017\/' title='Mi taller &#8211; Enero 2017'>Mi taller &#8211; Enero 2017<\/a><\/h3><\/header><\/div><footer class=\"entry-footer\"><\/footer><\/article><\/div><\/div><\/div>   <!--   class=\"av-portfolio-grid-sorting-container\"  --><\/p><\/div>\n<style type=\"text\/css\" data-created_by=\"avia_inline_auto\" id=\"style-css-av-10uzx4-a2d461ac2caf7c312fb73b160ee3161e\">\n.flex_column.av-10uzx4-a2d461ac2caf7c312fb73b160ee3161e{\nborder-radius:0px 0px 0px 0px;\npadding:0px 0px 0px 0px;\n}\n<\/style>\n<div  class='flex_column av-10uzx4-a2d461ac2caf7c312fb73b160ee3161e av_one_third  avia-builder-el-3  el_after_av_one_third  el_before_av_one_third  flex_column_div av-zero-column-padding  '     ><section  class='av_textblock_section av-8lmqq0-0624a9f5c29ee19e62474786bab6b535 '   itemscope=\"itemscope\" itemtype=\"https:\/\/schema.org\/CreativeWork\" ><div class='avia_textblock'  itemprop=\"text\" ><h3>Art\u00edculos &#038; Blog Posts<\/h3>\n<\/div><\/section><br \/>\n<div  id=\"av-sc-portfolio-2\"  class=\"av-portfolio-grid-sorting-container\"><div class='sort_width_container  av-sort-yes' data-portfolio-id='2' ><div id='js_sort_items' ><div class='sort_by_cat hidden'><a href=\"#\" data-filter=\"all_sort\" class=\"all_sort_button active_sort\"><span class=\"inner_sort_button\"><span>Todo<\/span><small class=\"av-cat-count\"> 2 <\/small><\/span><\/a><span class=\"text-sep studio-articles-es_sort_sep\">\/<\/span><a href=\"#\" data-filter=\"studio-articles-es_sort\" class=\"studio-articles-es_sort_button\" ><span class=\"inner_sort_button\"><span>In the Studio: Articles<\/span><small class=\"av-cat-count\"> 2 <\/small><\/span><\/a><\/div><\/div><\/div><div  class=' grid-sort-container isotope   no_margin-container with-excerpt-container grid-total-even grid-col-1 grid-links-' data-portfolio-id='2'><div data-ajax-id='2271' class='grid-entry flex_column isotope-item all_sort no_margin post-entry post-entry-2271 grid-entry-overview grid-loop-1 grid-parity-odd  in-the-studio-es_sort studio-articles-es_sort  av_fullwidth first special_av_fullwidth '><article class='main_color inner-entry'  itemscope=\"itemscope\" itemtype=\"https:\/\/schema.org\/CreativeWork\" ><div class=\"av_table_col first portfolio-entry grid-content\"><header class=\"entry-content-header\" aria-label=\"Portfolio: A short trip to figurative painting*)\"><h2 class='portfolio-grid-title entry-title '  itemprop=\"headline\" ><a href='https:\/\/romana-brunnauer.eu\/es\/portfolio-item\/a-short-trip-to-figurative-painting\/'>A short trip to figurative painting*)<\/a><\/h2><\/header><div class=\"avia-arrow\"><\/div><\/div><div class=\"av_table_col portfolio-grid-image\"><a href=\"https:\/\/romana-brunnauer.eu\/es\/portfolio-item\/a-short-trip-to-figurative-painting\/\" title='A short trip to figurative painting*)'  data-rel='grid-2' class='grid-image avia-hover-fx'> <img decoding=\"async\" fetchpriority=\"high\" width=\"960\" height=\"430\" src=\"https:\/\/romana-brunnauer.eu\/wp-content\/uploads\/2017\/06\/cats-studio-960x430.jpg\" class=\"wp-image-1861 avia-img-lazy-loading-not-1861 attachment-featured size-featured wp-post-image\" alt=\"\" \/><\/a><\/div><footer class=\"entry-footer\"><\/footer><\/article><\/div><div data-ajax-id='2273' class='grid-entry flex_column isotope-item all_sort no_margin post-entry post-entry-2273 grid-entry-overview grid-loop-2 grid-parity-even  post-entry-last  in-the-studio-es_sort studio-articles-es_sort  av_fullwidth first special_av_fullwidth '><article class='main_color inner-entry'  itemscope=\"itemscope\" itemtype=\"https:\/\/schema.org\/CreativeWork\" ><div class=\"av_table_col first portfolio-entry grid-content\"><header class=\"entry-content-header\" aria-label=\"Portfolio: From the first thought to paintings*)\"><h2 class='portfolio-grid-title entry-title '  itemprop=\"headline\" ><a href='https:\/\/romana-brunnauer.eu\/es\/portfolio-item\/from-the-first-thought-to-paintings\/'>From the first thought to paintings*)<\/a><\/h2><\/header><div class=\"avia-arrow\"><\/div><\/div><div class=\"av_table_col portfolio-grid-image\"><a href=\"https:\/\/romana-brunnauer.eu\/es\/portfolio-item\/from-the-first-thought-to-paintings\/\" title='From the first thought to paintings*)'  data-rel='grid-2' class='grid-image avia-hover-fx'> <img decoding=\"async\" fetchpriority=\"high\" width=\"960\" height=\"430\" src=\"https:\/\/romana-brunnauer.eu\/wp-content\/uploads\/2017\/04\/anhelo2-065-SW-960x430.jpg\" class=\"wp-image-374 avia-img-lazy-loading-not-374 attachment-featured size-featured wp-post-image\" alt=\"\" \/><\/a><\/div><footer class=\"entry-footer\"><\/footer><\/article><\/div><\/div><\/div>   <!--   class=\"av-portfolio-grid-sorting-container\"  --><\/p><\/div>\n<style type=\"text\/css\" data-created_by=\"avia_inline_auto\" id=\"style-css-av-4wdptk-d3bca09d6c8eecf4e745fb90dbf715e6\">\n.flex_column.av-4wdptk-d3bca09d6c8eecf4e745fb90dbf715e6{\nborder-radius:0px 0px 0px 0px;\npadding:0px 0px 0px 0px;\n}\n<\/style>\n<div  class='flex_column av-4wdptk-d3bca09d6c8eecf4e745fb90dbf715e6 av_one_third  avia-builder-el-6  el_after_av_one_third  avia-builder-el-last  flex_column_div av-zero-column-padding  '     ><section  class='av_textblock_section av-2zs5i0-0f0de11ec40599f22f401574434ce247 '   itemscope=\"itemscope\" itemtype=\"https:\/\/schema.org\/CreativeWork\" ><div class='avia_textblock'  itemprop=\"text\" ><h3>En el taller<\/h3>\n<p><span id=\"result_box\" class=\"\" lang=\"es\"><span class=\"\">En esta secci\u00f3n les doy algunas vistazos como trabajo &#8230;<br \/>\n<\/span><\/span><\/p>\n<p><span id=\"result_box\" class=\"\" lang=\"es\"><strong>*) NOTA<\/strong>: Los v\u00eddeos, <span class=\"\">as\u00ed como algunos<\/span> art\u00edculos est\u00e1n &#8211; por desgracia &#8211; s\u00f3lo disponible en <span class=\"\">Ingl\u00e9s<\/span><span class=\"\"> o Alem\u00e1n.<br \/>\n<\/span><\/span><\/p>\n<\/div><\/section><\/div><\/p>\n","protected":false},"excerpt":{"rendered":"","protected":false},"author":1,"featured_media":0,"parent":2351,"menu_order":7,"comment_status":"closed","ping_status":"closed","template":"","meta":{"footnotes":""},"class_list":["post-2408","page","type-page","status-publish","hentry"],"_links":{"self":[{"href":"https:\/\/romana-brunnauer.eu\/es\/wp-json\/wp\/v2\/pages\/2408","targetHints":{"allow":["GET"]}}],"collection":[{"href":"https:\/\/romana-brunnauer.eu\/es\/wp-json\/wp\/v2\/pages"}],"about":[{"href":"https:\/\/romana-brunnauer.eu\/es\/wp-json\/wp\/v2\/types\/page"}],"author":[{"embeddable":true,"href":"https:\/\/romana-brunnauer.eu\/es\/wp-json\/wp\/v2\/users\/1"}],"replies":[{"embeddable":true,"href":"https:\/\/romana-brunnauer.eu\/es\/wp-json\/wp\/v2\/comments?post=2408"}],"version-history":[{"count":6,"href":"https:\/\/romana-brunnauer.eu\/es\/wp-json\/wp\/v2\/pages\/2408\/revisions"}],"predecessor-version":[{"id":7808,"href":"https:\/\/romana-brunnauer.eu\/es\/wp-json\/wp\/v2\/pages\/2408\/revisions\/7808"}],"up":[{"embeddable":true,"href":"https:\/\/romana-brunnauer.eu\/es\/wp-json\/wp\/v2\/pages\/2351"}],"wp:attachment":[{"href":"https:\/\/romana-brunnauer.eu\/es\/wp-json\/wp\/v2\/media?parent=2408"}],"curies":[{"name":"wp","href":"https:\/\/api.w.org\/{rel}","templated":true}]}}