{"id":6457,"date":"2020-11-29T18:17:40","date_gmt":"2020-11-29T18:17:40","guid":{"rendered":"https:\/\/romana-brunnauer.eu\/retirada-accion-vestibulo\/"},"modified":"2020-12-26T11:01:25","modified_gmt":"2020-12-26T11:01:25","slug":"retirada-accion-vestibulo","status":"publish","type":"page","link":"https:\/\/romana-brunnauer.eu\/es\/retirada-accion-vestibulo\/","title":{"rendered":"Retirada &#038; Acci\u00f3n &#8211; Vest\u00edbulo"},"content":{"rendered":"\n<style type=\"text\/css\" data-created_by=\"avia_inline_auto\" id=\"style-css-av-ksuamz-63bf16eeb7f4f911b2aaf9e68f7877b8\">\n.flex_column.av-ksuamz-63bf16eeb7f4f911b2aaf9e68f7877b8{\nborder-radius:0px 0px 0px 0px;\npadding:0px 0px 0px 0px;\nbackground-color:#303231;\n}\n<\/style>\n<div  class='flex_column av-ksuamz-63bf16eeb7f4f911b2aaf9e68f7877b8 av_one_full  avia-builder-el-0  el_before_av_one_half  avia-builder-el-first  first flex_column_div av-zero-column-padding  '     ><p>\n<style type=\"text\/css\" data-created_by=\"avia_inline_auto\" id=\"style-css-av-khz7n0xb-9cfe075032d189ddc6d8cb00ad7ca4fe\">\n.avia-image-container.av-khz7n0xb-9cfe075032d189ddc6d8cb00ad7ca4fe img.avia_image{\nbox-shadow:none;\n}\n.avia-image-container.av-khz7n0xb-9cfe075032d189ddc6d8cb00ad7ca4fe .av-image-caption-overlay-center{\ncolor:#ffffff;\n}\n<\/style>\n<div  class='avia-image-container av-khz7n0xb-9cfe075032d189ddc6d8cb00ad7ca4fe av-styling- avia-align-left  avia-builder-el-1  el_before_av_image  avia-builder-el-first '   itemprop=\"image\" itemscope=\"itemscope\" itemtype=\"https:\/\/schema.org\/ImageObject\" ><div class=\"avia-image-container-inner\"><div class=\"avia-image-overlay-wrap\"><img decoding=\"async\" fetchpriority=\"high\" class='wp-image-6303 avia-img-lazy-loading-not-6303 avia_image ' src=\"https:\/\/romana-brunnauer.eu\/wp-content\/uploads\/2020\/11\/ES-VESTIBULO-1030x103.png\" alt='Vest\u00edbulo' title='ES-VESTIBULO'  height=\"103\" width=\"1030\"  itemprop=\"thumbnailUrl\" srcset=\"https:\/\/romana-brunnauer.eu\/wp-content\/uploads\/2020\/11\/ES-VESTIBULO-1030x103.png 1030w, https:\/\/romana-brunnauer.eu\/wp-content\/uploads\/2020\/11\/ES-VESTIBULO-300x30.png 300w, https:\/\/romana-brunnauer.eu\/wp-content\/uploads\/2020\/11\/ES-VESTIBULO-768x77.png 768w, https:\/\/romana-brunnauer.eu\/wp-content\/uploads\/2020\/11\/ES-VESTIBULO-705x71.png 705w, https:\/\/romana-brunnauer.eu\/wp-content\/uploads\/2020\/11\/ES-VESTIBULO-450x45.png 450w, https:\/\/romana-brunnauer.eu\/wp-content\/uploads\/2020\/11\/ES-VESTIBULO.png 1500w\" sizes=\"(max-width: 1030px) 100vw, 1030px\" \/><\/div><\/div><\/div><br \/>\n<\/p><\/div>\n\n<style type=\"text\/css\" data-created_by=\"avia_inline_auto\" id=\"style-css-av-izgwez-de3b9e38ac8aa8a286dea4d869511aad\">\n.flex_column.av-izgwez-de3b9e38ac8aa8a286dea4d869511aad{\nborder-radius:0px 0px 0px 0px;\npadding:0px 0px 0px 0px;\n}\n<\/style>\n<div  class='flex_column av-izgwez-de3b9e38ac8aa8a286dea4d869511aad av_one_half  avia-builder-el-3  el_after_av_one_full  el_before_av_one_half  first flex_column_div av-zero-column-padding  column-top-margin'     ><style type=\"text\/css\" data-created_by=\"avia_inline_auto\" id=\"style-css-av-hvt03f-9a5327168c8b6696595b03f9fbfc8a75\">\n.avia-image-container.av-hvt03f-9a5327168c8b6696595b03f9fbfc8a75 img.avia_image{\nbox-shadow:none;\n}\n.avia-image-container.av-hvt03f-9a5327168c8b6696595b03f9fbfc8a75 .av-image-caption-overlay-center{\ncolor:#ffffff;\n}\n<\/style>\n<div  class='avia-image-container av-hvt03f-9a5327168c8b6696595b03f9fbfc8a75 av-styling- av-img-linked avia-align-center  avia-builder-el-4  avia-builder-el-no-sibling '   itemprop=\"image\" itemscope=\"itemscope\" itemtype=\"https:\/\/schema.org\/ImageObject\" ><div class=\"avia-image-container-inner\"><div class=\"avia-image-overlay-wrap\"><a href=\"https:\/\/romana-brunnauer.eu\/es\/retirada-accion-la-exposicion-virtual\/\" class='avia_image '  aria-label='bild-ausstellung-v1'><img decoding=\"async\" fetchpriority=\"high\" class='wp-image-6357 avia-img-lazy-loading-not-6357 avia_image ' src=\"https:\/\/romana-brunnauer.eu\/wp-content\/uploads\/2020\/11\/bild-ausstellung-v1.jpg\" alt='virtual exhibition' title='bild-ausstellung-v1'  height=\"460\" width=\"1366\"  itemprop=\"thumbnailUrl\" srcset=\"https:\/\/romana-brunnauer.eu\/wp-content\/uploads\/2020\/11\/bild-ausstellung-v1.jpg 1366w, https:\/\/romana-brunnauer.eu\/wp-content\/uploads\/2020\/11\/bild-ausstellung-v1-300x101.jpg 300w, https:\/\/romana-brunnauer.eu\/wp-content\/uploads\/2020\/11\/bild-ausstellung-v1-1030x347.jpg 1030w, https:\/\/romana-brunnauer.eu\/wp-content\/uploads\/2020\/11\/bild-ausstellung-v1-768x259.jpg 768w, https:\/\/romana-brunnauer.eu\/wp-content\/uploads\/2020\/11\/bild-ausstellung-v1-705x237.jpg 705w, https:\/\/romana-brunnauer.eu\/wp-content\/uploads\/2020\/11\/bild-ausstellung-v1-450x152.jpg 450w\" sizes=\"(max-width: 1366px) 100vw, 1366px\" \/><\/a><\/div><\/div><\/div><\/div>\n\n<style type=\"text\/css\" data-created_by=\"avia_inline_auto\" id=\"style-css-av-ck5zwb-20c7ab265a25674f9aa9226a75c5a609\">\n.flex_column.av-ck5zwb-20c7ab265a25674f9aa9226a75c5a609{\nborder-radius:0px 0px 0px 0px;\npadding:0px 0px 0px 0px;\n}\n<\/style>\n<div  class='flex_column av-ck5zwb-20c7ab265a25674f9aa9226a75c5a609 av_one_half  avia-builder-el-5  el_after_av_one_half  el_before_av_one_half  flex_column_div av-zero-column-padding  column-top-margin'     ><section  class='av_textblock_section av-khz3qzhi-8cbd5d9ed311c5efe681d5639cf3d6cd '   itemscope=\"itemscope\" itemtype=\"https:\/\/schema.org\/CreativeWork\" ><div class='avia_textblock'  itemprop=\"text\" ><h3><a href=\"https:\/\/romana-brunnauer.eu\/es\/retirada-accion-la-exposicion-virtual\/\">La EXPOSICI\u00d3N virtual<\/a><\/h3>\n<\/div><\/section><br \/>\n<section  class='av_textblock_section av-f8e2or-98c06cb9e18d21a6cf393e19130e3e37 '   itemscope=\"itemscope\" itemtype=\"https:\/\/schema.org\/CreativeWork\" ><div class='avia_textblock'  itemprop=\"text\" ><p>Especialmente los artistas tienen que encontrar nuevas y alternativas caminos de trabajar en la \u201cNueva Realidad\u201d que esta producido de la pandemia.<br \/>\nCon mi exposici\u00f3n virtual \u00abRetirada y Acci\u00f3n\u00bb termino 2020 y le doy la bienvenida al A\u00f1o Nuevo 2021.<br \/>\n\u00abRetirada y Acci\u00f3n\u00bb muestra 20 peque\u00f1as obras dedicadas al tema de la distancia social durante la pandemia. Se pueden encontrar m\u00e1s informaci\u00f3n en la exposici\u00f3n virtual en 3D &#8230;<\/p>\n<p>Mi recomendaci\u00f3n para la primera visita: Despu\u00e9s de entrar a la exposici\u00f3n, elija en el men\u00fa Full Screen (=pantalla completa) y comience con Guided Tour (=Visita guiada).<\/p>\n<\/div><\/section><\/p><\/div>\n\n<style type=\"text\/css\" data-created_by=\"avia_inline_auto\" id=\"style-css-av-ck5zwb-928d498a5965d03b379c65932bd41a38\">\n.flex_column.av-ck5zwb-928d498a5965d03b379c65932bd41a38{\nborder-radius:0px 0px 0px 0px;\npadding:0px 0px 0px 0px;\n}\n<\/style>\n<div  class='flex_column av-ck5zwb-928d498a5965d03b379c65932bd41a38 av_one_half  avia-builder-el-8  el_after_av_one_half  el_before_av_one_half  first flex_column_div av-zero-column-padding  column-top-margin'     ><style type=\"text\/css\" data-created_by=\"avia_inline_auto\" id=\"style-css-av-hvt03f-c29cf0178199eaf60abb439f7605570d\">\n.avia-image-container.av-hvt03f-c29cf0178199eaf60abb439f7605570d img.avia_image{\nbox-shadow:none;\n}\n.avia-image-container.av-hvt03f-c29cf0178199eaf60abb439f7605570d .av-image-caption-overlay-center{\ncolor:#ffffff;\n}\n<\/style>\n<div  class='avia-image-container av-hvt03f-c29cf0178199eaf60abb439f7605570d av-styling- av-img-linked avia-align-center  avia-builder-el-9  avia-builder-el-no-sibling '   itemprop=\"image\" itemscope=\"itemscope\" itemtype=\"https:\/\/schema.org\/ImageObject\" ><div class=\"avia-image-container-inner\"><div class=\"avia-image-overlay-wrap\"><a href=\"https:\/\/romana-brunnauer.eu\/es\/retirada-accion-la-tienda-virtual\/\" class='avia_image '  aria-label='konzept-bild-shop-V2'><img decoding=\"async\" fetchpriority=\"high\" class='wp-image-6398 avia-img-lazy-loading-not-6398 avia_image ' src=\"https:\/\/romana-brunnauer.eu\/wp-content\/uploads\/2020\/11\/konzept-bild-shop-V2.jpg\" alt='virtual shop' title='konzept-bild-shop-V2'  height=\"460\" width=\"1366\"  itemprop=\"thumbnailUrl\" srcset=\"https:\/\/romana-brunnauer.eu\/wp-content\/uploads\/2020\/11\/konzept-bild-shop-V2.jpg 1366w, https:\/\/romana-brunnauer.eu\/wp-content\/uploads\/2020\/11\/konzept-bild-shop-V2-300x101.jpg 300w, https:\/\/romana-brunnauer.eu\/wp-content\/uploads\/2020\/11\/konzept-bild-shop-V2-1030x347.jpg 1030w, https:\/\/romana-brunnauer.eu\/wp-content\/uploads\/2020\/11\/konzept-bild-shop-V2-768x259.jpg 768w, https:\/\/romana-brunnauer.eu\/wp-content\/uploads\/2020\/11\/konzept-bild-shop-V2-705x237.jpg 705w, https:\/\/romana-brunnauer.eu\/wp-content\/uploads\/2020\/11\/konzept-bild-shop-V2-450x152.jpg 450w\" sizes=\"(max-width: 1366px) 100vw, 1366px\" \/><\/a><\/div><\/div><\/div><\/div>\n\n<style type=\"text\/css\" data-created_by=\"avia_inline_auto\" id=\"style-css-av-5eu8iz-afce84b71f86fb0e20d99627fd158c33\">\n.flex_column.av-5eu8iz-afce84b71f86fb0e20d99627fd158c33{\nborder-radius:0px 0px 0px 0px;\npadding:0px 0px 0px 0px;\n}\n<\/style>\n<div  class='flex_column av-5eu8iz-afce84b71f86fb0e20d99627fd158c33 av_one_half  avia-builder-el-10  el_after_av_one_half  avia-builder-el-last  flex_column_div av-zero-column-padding  column-top-margin'     ><section  class='av_textblock_section av-khz3qzhi-8cbd5d9ed311c5efe681d5639cf3d6cd '   itemscope=\"itemscope\" itemtype=\"https:\/\/schema.org\/CreativeWork\" ><div class='avia_textblock'  itemprop=\"text\" ><h3><a href=\"https:\/\/romana-brunnauer.eu\/es\/retirada-accion-la-tienda-virtual\/\">La TIENDA virtual<\/a><\/h3>\n<p lang=\"es-ES\">Paralelas a la exposici\u00f3n virtual he establecido una \u201ctienda virtual\u201d. Por primera vez, ofrezco obras a la venta directamente desde mi estudio.<\/p>\n<\/div><\/section><\/div>\n","protected":false},"excerpt":{"rendered":"","protected":false},"author":1,"featured_media":0,"parent":0,"menu_order":0,"comment_status":"closed","ping_status":"closed","template":"","meta":{"footnotes":""},"class_list":["post-6457","page","type-page","status-publish","hentry"],"_links":{"self":[{"href":"https:\/\/romana-brunnauer.eu\/es\/wp-json\/wp\/v2\/pages\/6457","targetHints":{"allow":["GET"]}}],"collection":[{"href":"https:\/\/romana-brunnauer.eu\/es\/wp-json\/wp\/v2\/pages"}],"about":[{"href":"https:\/\/romana-brunnauer.eu\/es\/wp-json\/wp\/v2\/types\/page"}],"author":[{"embeddable":true,"href":"https:\/\/romana-brunnauer.eu\/es\/wp-json\/wp\/v2\/users\/1"}],"replies":[{"embeddable":true,"href":"https:\/\/romana-brunnauer.eu\/es\/wp-json\/wp\/v2\/comments?post=6457"}],"version-history":[{"count":13,"href":"https:\/\/romana-brunnauer.eu\/es\/wp-json\/wp\/v2\/pages\/6457\/revisions"}],"predecessor-version":[{"id":6558,"href":"https:\/\/romana-brunnauer.eu\/es\/wp-json\/wp\/v2\/pages\/6457\/revisions\/6558"}],"wp:attachment":[{"href":"https:\/\/romana-brunnauer.eu\/es\/wp-json\/wp\/v2\/media?parent=6457"}],"curies":[{"name":"wp","href":"https:\/\/api.w.org\/{rel}","templated":true}]}}